

{"id":35,"date":"2012-12-05T17:00:53","date_gmt":"2012-12-05T17:00:53","guid":{"rendered":"http:\/\/fciv.ws.uajms.edu.bo\/?page_id=35"},"modified":"2021-11-01T09:31:23","modified_gmt":"2021-11-01T13:31:23","slug":"edificio-de-la-facultad","status":"publish","type":"page","link":"https:\/\/www.uajms.edu.bo\/fciv\/edificio-de-la-facultad\/","title":{"rendered":"CARRERAS DE LA FACULTAD"},"content":{"rendered":"\n<figure class=\"wp-block-embed is-type-video is-provider-youtube wp-block-embed-youtube wp-embed-aspect-16-9 wp-has-aspect-ratio\"><div class=\"wp-block-embed__wrapper\">\n<iframe  id=\"_ytid_94638\"  width=\"800\" height=\"450\"  data-origwidth=\"800\" data-origheight=\"450\" src=\"https:\/\/www.youtube.com\/embed\/oI7_rA9N9CM?enablejsapi=1&#038;autoplay=0&#038;cc_load_policy=0&#038;cc_lang_pref=&#038;iv_load_policy=1&#038;loop=0&#038;rel=1&#038;fs=1&#038;playsinline=0&#038;autohide=2&#038;theme=dark&#038;color=red&#038;controls=1&#038;disablekb=0&#038;\" class=\"__youtube_prefs__  epyt-is-override  no-lazyload\" title=\"YouTube player\"  allow=\"fullscreen; accelerometer; autoplay; clipboard-write; encrypted-media; gyroscope; picture-in-picture; web-share\" referrerpolicy=\"strict-origin-when-cross-origin\" allowfullscreen data-no-lazy=\"1\" data-skipgform_ajax_framebjll=\"\"><\/iframe>\n<\/div><\/figure>\n\n\n\n<figure class=\"wp-block-embed is-type-video is-provider-youtube wp-block-embed-youtube wp-embed-aspect-16-9 wp-has-aspect-ratio\"><div class=\"wp-block-embed__wrapper\">\n<iframe  id=\"_ytid_67620\"  width=\"800\" height=\"450\"  data-origwidth=\"800\" data-origheight=\"450\" src=\"https:\/\/www.youtube.com\/embed\/ScE3KYBmmtQ?enablejsapi=1&#038;autoplay=0&#038;cc_load_policy=0&#038;cc_lang_pref=&#038;iv_load_policy=1&#038;loop=0&#038;rel=1&#038;fs=1&#038;playsinline=0&#038;autohide=2&#038;theme=dark&#038;color=red&#038;controls=1&#038;disablekb=0&#038;\" class=\"__youtube_prefs__  epyt-is-override  no-lazyload\" title=\"YouTube player\"  allow=\"fullscreen; accelerometer; autoplay; clipboard-write; encrypted-media; gyroscope; picture-in-picture; web-share\" referrerpolicy=\"strict-origin-when-cross-origin\" allowfullscreen data-no-lazy=\"1\" data-skipgform_ajax_framebjll=\"\"><\/iframe>\n<\/div><\/figure>\n\n\n\n<p>condolencia<\/p>\n\n\n\n<figure class=\"wp-block-embed is-type-video is-provider-youtube wp-block-embed-youtube wp-embed-aspect-4-3 wp-has-aspect-ratio\"><div class=\"wp-block-embed__wrapper\">\n<iframe  id=\"_ytid_85571\"  width=\"800\" height=\"450\"  data-origwidth=\"800\" data-origheight=\"450\" src=\"https:\/\/www.youtube.com\/embed\/6nUDqNDCxgk?enablejsapi=1&#038;autoplay=0&#038;cc_load_policy=0&#038;cc_lang_pref=&#038;iv_load_policy=1&#038;loop=0&#038;rel=1&#038;fs=1&#038;playsinline=0&#038;autohide=2&#038;theme=dark&#038;color=red&#038;controls=1&#038;disablekb=0&#038;\" class=\"__youtube_prefs__  epyt-is-override  no-lazyload\" title=\"YouTube player\"  allow=\"fullscreen; accelerometer; autoplay; clipboard-write; encrypted-media; gyroscope; picture-in-picture; web-share\" referrerpolicy=\"strict-origin-when-cross-origin\" allowfullscreen data-no-lazy=\"1\" data-skipgform_ajax_framebjll=\"\"><\/iframe>\n<\/div><\/figure>\n\n\n\n<p><\/p>\n\n\n\n<figure class=\"wp-block-embed is-type-video is-provider-youtube wp-block-embed-youtube wp-embed-aspect-4-3 wp-has-aspect-ratio\"><div class=\"wp-block-embed__wrapper\">\n<iframe  id=\"_ytid_36511\"  width=\"800\" height=\"450\"  data-origwidth=\"800\" data-origheight=\"450\" src=\"https:\/\/www.youtube.com\/embed\/M1cjbo97Lqw?enablejsapi=1&#038;autoplay=0&#038;cc_load_policy=0&#038;cc_lang_pref=&#038;iv_load_policy=1&#038;loop=0&#038;rel=1&#038;fs=1&#038;playsinline=0&#038;autohide=2&#038;theme=dark&#038;color=red&#038;controls=1&#038;disablekb=0&#038;\" class=\"__youtube_prefs__  epyt-is-override  no-lazyload\" title=\"YouTube player\"  allow=\"fullscreen; accelerometer; autoplay; clipboard-write; encrypted-media; gyroscope; picture-in-picture; web-share\" referrerpolicy=\"strict-origin-when-cross-origin\" allowfullscreen data-no-lazy=\"1\" data-skipgform_ajax_framebjll=\"\"><\/iframe>\n<\/div><\/figure>\n\n\n<p><iframe title=\"Promoci\u00f3n Facultad de Ciencias Integradas Villa Montes UAJMS\" width=\"584\" height=\"329\" src=\"https:\/\/www.youtube.com\/embed\/mrKwidWfiNQ?feature=oembed\" frameborder=\"0\" allow=\"accelerometer; autoplay; clipboard-write; encrypted-media; gyroscope; picture-in-picture; web-share\" referrerpolicy=\"strict-origin-when-cross-origin\" allowfullscreen><\/iframe><\/p>\n<h5 style=\"text-align: center\"><a href=\"http:\/\/www.uajms.edu.bo\/fciv\/inscripciones-2021-facultad-villa-montes-3\/\">INSCRIPCIONES<\/a><\/h5>\n<h5 style=\"text-align: center\">Esta sesi\u00f3n informativa sera ma\u00f1ana a las 18:00,se realizar\u00e1 a trav\u00e9s de la cuenta zoom de la Facultad de Ciencias Integradas de Villa Montes unas 3 o 2 horas antes se enviara el enlace<\/h5>\n<p style=\"text-align: center\"><a href=\"https:\/\/us02web.zoom.us\/j\/81717115918?pwd=c3RBVjA1dGxraktxRzBYUG96Q3pTdz09\">ZOOM<\/a><\/p>\n\n\n<\/p>\n\n<figure class=\"wp-block-image size-large\"><img fetchpriority=\"high\" decoding=\"async\" width=\"600\" height=\"600\" class=\"wp-image-1417\" src=\"http:\/\/www.uajms.edu.bo\/fciv\/wp-content\/uploads\/sites\/9\/2020\/10\/WhatsApp-Image-2020-10-19-at-16.11.39-1.jpeg\" alt=\"\" srcset=\"https:\/\/www.uajms.edu.bo\/fciv\/wp-content\/uploads\/sites\/9\/2020\/10\/WhatsApp-Image-2020-10-19-at-16.11.39-1.jpeg 600w, https:\/\/www.uajms.edu.bo\/fciv\/wp-content\/uploads\/sites\/9\/2020\/10\/WhatsApp-Image-2020-10-19-at-16.11.39-1-300x300.jpeg 300w, https:\/\/www.uajms.edu.bo\/fciv\/wp-content\/uploads\/sites\/9\/2020\/10\/WhatsApp-Image-2020-10-19-at-16.11.39-1-150x150.jpeg 150w\" sizes=\"(max-width: 600px) 100vw, 600px\" \/><\/figure>\n<h1 style=\"text-align: center\"><em><strong>COMO REALIZAR LA INSCRIPCI\u00d3N EN L\u00cdNEA HASTA EL 23 DE OCTUBRE<\/strong><\/em><\/h1>\n<iframe  id=\"_ytid_67681\"  width=\"800\" height=\"450\"  data-origwidth=\"800\" data-origheight=\"450\" src=\"https:\/\/www.youtube.com\/embed\/ITPwRd3uvpk?enablejsapi=1&#038;autoplay=0&#038;cc_load_policy=0&#038;cc_lang_pref=&#038;iv_load_policy=1&#038;loop=0&#038;rel=1&#038;fs=1&#038;playsinline=0&#038;autohide=2&#038;theme=dark&#038;color=red&#038;controls=1&#038;disablekb=0&#038;\" class=\"__youtube_prefs__  epyt-is-override  no-lazyload\" title=\"YouTube player\"  allow=\"fullscreen; accelerometer; autoplay; clipboard-write; encrypted-media; gyroscope; picture-in-picture; web-share\" referrerpolicy=\"strict-origin-when-cross-origin\" allowfullscreen data-no-lazy=\"1\" data-skipgform_ajax_framebjll=\"\"><\/iframe>\n<p style=\"text-align: center\"><a href=\"http:\/\/www.uajms.edu.bo\/fciv\/wp-content\/uploads\/sites\/9\/2020\/10\/BANCO-DE-PREGUNTAS-2021-ING.-PETROLEO-E-ING.-PETROQUIMICA.pdf\">BANCO DE PREGUNTAS 2021 ING. PETROLEO E ING. PETROQU\u00cdMICA<\/a><\/p>\n<p style=\"text-align: center\"><a href=\"http:\/\/www.uajms.edu.bo\/fciv\/wp-content\/uploads\/sites\/9\/2020\/10\/BANCO-DE-PREGUNTAS-2021-MEDICINA-VETERINARIA.pdf\">BANCO DE PREGUNTAS 2021 MEDICINA VETERINARIA<\/a><\/p>\n<p style=\"text-align: center\"><a href=\"http:\/\/www.uajms.edu.bo\/fciv\/wp-content\/uploads\/sites\/9\/2012\/12\/campus.jpg\">CL\u00cdNICA VETERINARIA UNIVERSITARIA<img decoding=\"async\" class=\"aligncenter size-full wp-image-357\" title=\"campus\" src=\"http:\/\/www.uajms.edu.bo\/fciv\/wp-content\/uploads\/sites\/9\/2012\/12\/campus.jpg\" alt=\"\" width=\"709\" height=\"550\" srcset=\"https:\/\/www.uajms.edu.bo\/fciv\/wp-content\/uploads\/sites\/9\/2012\/12\/campus.jpg 709w, https:\/\/www.uajms.edu.bo\/fciv\/wp-content\/uploads\/sites\/9\/2012\/12\/campus-300x233.jpg 300w\" sizes=\"(max-width: 709px) 100vw, 709px\" \/>BLOQUE DE PETR\u00d3LEO Y GAS NATURAL<\/a><\/p>\n<img decoding=\"async\" class=\"alignnone wp-image-1204\" src=\"http:\/\/www.uajms.edu.bo\/fciv\/wp-content\/uploads\/sites\/9\/2019\/07\/Bloque-Petroquimica-300x201.jpg\" alt=\"\" width=\"567\" height=\"387\" \/>\n<p style=\"text-align: center\"><a href=\"http:\/\/www.uajms.edu.bo\/fciv\/wp-content\/uploads\/sites\/9\/2012\/12\/campus.jpg\">BLOQUE DE ING. PETROQU\u00cdMICA<\/a><\/p>\n<a href=\"http:\/\/www.uajms.edu.bo\/fciv\/wp-content\/uploads\/sites\/9\/2012\/12\/campus.jpg\"><img loading=\"lazy\" decoding=\"async\" class=\"alignnone wp-image-1205\" src=\"http:\/\/www.uajms.edu.bo\/fciv\/wp-content\/uploads\/sites\/9\/2019\/07\/DSC02459-300x225.jpg\" alt=\"\" width=\"586\" height=\"443\" \/><\/a>\n<p style=\"text-align: center\"><a href=\"http:\/\/www.uajms.edu.bo\/fciv\/wp-content\/uploads\/sites\/9\/2012\/12\/campus.jpg\">CARRERA DE MEDICINA VETERINARIA Y ZOOTECNIA<\/a><\/p>\n\n\n\n<p><\/p>\n\n\n\n<h2 class=\"wp-block-heading\"><\/h2>\n","protected":false},"excerpt":{"rendered":"<p>condolencia INSCRIPCIONES Esta sesi\u00f3n informativa sera ma\u00f1ana a las 18:00,se realizar\u00e1 a trav\u00e9s de la cuenta zoom de la Facultad de Ciencias Integradas de Villa Montes unas 3 o 2 horas antes se enviara el enlace ZOOM<\/p>\n","protected":false},"author":6,"featured_media":0,"parent":0,"menu_order":0,"comment_status":"open","ping_status":"open","template":"","meta":{"_joinchat":[],"footnotes":""},"class_list":["post-35","page","type-page","status-publish","hentry"],"yoast_head":"<!-- This site is optimized with the Yoast SEO plugin v27.3 - https:\/\/yoast.com\/product\/yoast-seo-wordpress\/ -->\n<title>CARRERAS DE LA FACULTAD - Facultad de Ciencias Integradas de Villa Montes<\/title>\n<meta name=\"robots\" content=\"index, follow, max-snippet:-1, max-image-preview:large, max-video-preview:-1\" \/>\n<link rel=\"canonical\" href=\"https:\/\/www.uajms.edu.bo\/fciv\/edificio-de-la-facultad\/\" \/>\n<meta property=\"og:locale\" content=\"es_ES\" \/>\n<meta property=\"og:type\" content=\"article\" \/>\n<meta property=\"og:title\" content=\"CARRERAS DE LA FACULTAD - Facultad de Ciencias Integradas de Villa Montes\" \/>\n<meta property=\"og:description\" content=\"condolencia INSCRIPCIONES Esta sesi\u00f3n informativa sera ma\u00f1ana a las 18:00,se realizar\u00e1 a trav\u00e9s de la cuenta zoom de la Facultad de Ciencias Integradas de Villa Montes unas 3 o 2 horas antes se enviara el enlace ZOOM\" \/>\n<meta property=\"og:url\" content=\"https:\/\/www.uajms.edu.bo\/fciv\/edificio-de-la-facultad\/\" \/>\n<meta property=\"og:site_name\" content=\"Facultad de Ciencias Integradas de Villa Montes\" \/>\n<meta property=\"article:modified_time\" content=\"2021-11-01T13:31:23+00:00\" \/>\n<meta property=\"og:image\" content=\"http:\/\/www.uajms.edu.bo\/fciv\/wp-content\/uploads\/sites\/9\/2020\/10\/WhatsApp-Image-2020-10-19-at-16.11.39-1.jpeg\" \/>\n<meta name=\"twitter:card\" content=\"summary_large_image\" \/>\n<meta name=\"twitter:label1\" content=\"Tiempo de lectura\" \/>\n\t<meta name=\"twitter:data1\" content=\"1 minuto\" \/>\n<script type=\"application\/ld+json\" class=\"yoast-schema-graph\">{\"@context\":\"https:\\\/\\\/schema.org\",\"@graph\":[{\"@type\":\"WebPage\",\"@id\":\"https:\\\/\\\/www.uajms.edu.bo\\\/fciv\\\/edificio-de-la-facultad\\\/\",\"url\":\"https:\\\/\\\/www.uajms.edu.bo\\\/fciv\\\/edificio-de-la-facultad\\\/\",\"name\":\"CARRERAS DE LA FACULTAD - Facultad de Ciencias Integradas de Villa Montes\",\"isPartOf\":{\"@id\":\"https:\\\/\\\/www.uajms.edu.bo\\\/fciv\\\/#website\"},\"primaryImageOfPage\":{\"@id\":\"https:\\\/\\\/www.uajms.edu.bo\\\/fciv\\\/edificio-de-la-facultad\\\/#primaryimage\"},\"image\":{\"@id\":\"https:\\\/\\\/www.uajms.edu.bo\\\/fciv\\\/edificio-de-la-facultad\\\/#primaryimage\"},\"thumbnailUrl\":\"http:\\\/\\\/www.uajms.edu.bo\\\/fciv\\\/wp-content\\\/uploads\\\/sites\\\/9\\\/2020\\\/10\\\/WhatsApp-Image-2020-10-19-at-16.11.39-1.jpeg\",\"datePublished\":\"2012-12-05T17:00:53+00:00\",\"dateModified\":\"2021-11-01T13:31:23+00:00\",\"breadcrumb\":{\"@id\":\"https:\\\/\\\/www.uajms.edu.bo\\\/fciv\\\/edificio-de-la-facultad\\\/#breadcrumb\"},\"inLanguage\":\"es\",\"potentialAction\":[{\"@type\":\"ReadAction\",\"target\":[\"https:\\\/\\\/www.uajms.edu.bo\\\/fciv\\\/edificio-de-la-facultad\\\/\"]}]},{\"@type\":\"ImageObject\",\"inLanguage\":\"es\",\"@id\":\"https:\\\/\\\/www.uajms.edu.bo\\\/fciv\\\/edificio-de-la-facultad\\\/#primaryimage\",\"url\":\"https:\\\/\\\/www.uajms.edu.bo\\\/fciv\\\/wp-content\\\/uploads\\\/sites\\\/9\\\/2020\\\/10\\\/WhatsApp-Image-2020-10-19-at-16.11.39-1.jpeg\",\"contentUrl\":\"https:\\\/\\\/www.uajms.edu.bo\\\/fciv\\\/wp-content\\\/uploads\\\/sites\\\/9\\\/2020\\\/10\\\/WhatsApp-Image-2020-10-19-at-16.11.39-1.jpeg\",\"width\":600,\"height\":600},{\"@type\":\"BreadcrumbList\",\"@id\":\"https:\\\/\\\/www.uajms.edu.bo\\\/fciv\\\/edificio-de-la-facultad\\\/#breadcrumb\",\"itemListElement\":[{\"@type\":\"ListItem\",\"position\":1,\"name\":\"Home\",\"item\":\"https:\\\/\\\/www.uajms.edu.bo\\\/fciv\\\/\"},{\"@type\":\"ListItem\",\"position\":2,\"name\":\"CARRERAS DE LA FACULTAD\"}]},{\"@type\":\"WebSite\",\"@id\":\"https:\\\/\\\/www.uajms.edu.bo\\\/fciv\\\/#website\",\"url\":\"https:\\\/\\\/www.uajms.edu.bo\\\/fciv\\\/\",\"name\":\"Facultad de Ciencias Integradas de Villa Montes\",\"description\":\"FCIVM\",\"potentialAction\":[{\"@type\":\"SearchAction\",\"target\":{\"@type\":\"EntryPoint\",\"urlTemplate\":\"https:\\\/\\\/www.uajms.edu.bo\\\/fciv\\\/?s={search_term_string}\"},\"query-input\":{\"@type\":\"PropertyValueSpecification\",\"valueRequired\":true,\"valueName\":\"search_term_string\"}}],\"inLanguage\":\"es\"}]}<\/script>\n<!-- \/ Yoast SEO plugin. -->","yoast_head_json":{"title":"CARRERAS DE LA FACULTAD - Facultad de Ciencias Integradas de Villa Montes","robots":{"index":"index","follow":"follow","max-snippet":"max-snippet:-1","max-image-preview":"max-image-preview:large","max-video-preview":"max-video-preview:-1"},"canonical":"https:\/\/www.uajms.edu.bo\/fciv\/edificio-de-la-facultad\/","og_locale":"es_ES","og_type":"article","og_title":"CARRERAS DE LA FACULTAD - Facultad de Ciencias Integradas de Villa Montes","og_description":"condolencia INSCRIPCIONES Esta sesi\u00f3n informativa sera ma\u00f1ana a las 18:00,se realizar\u00e1 a trav\u00e9s de la cuenta zoom de la Facultad de Ciencias Integradas de Villa Montes unas 3 o 2 horas antes se enviara el enlace ZOOM","og_url":"https:\/\/www.uajms.edu.bo\/fciv\/edificio-de-la-facultad\/","og_site_name":"Facultad de Ciencias Integradas de Villa Montes","article_modified_time":"2021-11-01T13:31:23+00:00","og_image":[{"url":"http:\/\/www.uajms.edu.bo\/fciv\/wp-content\/uploads\/sites\/9\/2020\/10\/WhatsApp-Image-2020-10-19-at-16.11.39-1.jpeg","type":"","width":"","height":""}],"twitter_card":"summary_large_image","twitter_misc":{"Tiempo de lectura":"1 minuto"},"schema":{"@context":"https:\/\/schema.org","@graph":[{"@type":"WebPage","@id":"https:\/\/www.uajms.edu.bo\/fciv\/edificio-de-la-facultad\/","url":"https:\/\/www.uajms.edu.bo\/fciv\/edificio-de-la-facultad\/","name":"CARRERAS DE LA FACULTAD - Facultad de Ciencias Integradas de Villa Montes","isPartOf":{"@id":"https:\/\/www.uajms.edu.bo\/fciv\/#website"},"primaryImageOfPage":{"@id":"https:\/\/www.uajms.edu.bo\/fciv\/edificio-de-la-facultad\/#primaryimage"},"image":{"@id":"https:\/\/www.uajms.edu.bo\/fciv\/edificio-de-la-facultad\/#primaryimage"},"thumbnailUrl":"http:\/\/www.uajms.edu.bo\/fciv\/wp-content\/uploads\/sites\/9\/2020\/10\/WhatsApp-Image-2020-10-19-at-16.11.39-1.jpeg","datePublished":"2012-12-05T17:00:53+00:00","dateModified":"2021-11-01T13:31:23+00:00","breadcrumb":{"@id":"https:\/\/www.uajms.edu.bo\/fciv\/edificio-de-la-facultad\/#breadcrumb"},"inLanguage":"es","potentialAction":[{"@type":"ReadAction","target":["https:\/\/www.uajms.edu.bo\/fciv\/edificio-de-la-facultad\/"]}]},{"@type":"ImageObject","inLanguage":"es","@id":"https:\/\/www.uajms.edu.bo\/fciv\/edificio-de-la-facultad\/#primaryimage","url":"https:\/\/www.uajms.edu.bo\/fciv\/wp-content\/uploads\/sites\/9\/2020\/10\/WhatsApp-Image-2020-10-19-at-16.11.39-1.jpeg","contentUrl":"https:\/\/www.uajms.edu.bo\/fciv\/wp-content\/uploads\/sites\/9\/2020\/10\/WhatsApp-Image-2020-10-19-at-16.11.39-1.jpeg","width":600,"height":600},{"@type":"BreadcrumbList","@id":"https:\/\/www.uajms.edu.bo\/fciv\/edificio-de-la-facultad\/#breadcrumb","itemListElement":[{"@type":"ListItem","position":1,"name":"Home","item":"https:\/\/www.uajms.edu.bo\/fciv\/"},{"@type":"ListItem","position":2,"name":"CARRERAS DE LA FACULTAD"}]},{"@type":"WebSite","@id":"https:\/\/www.uajms.edu.bo\/fciv\/#website","url":"https:\/\/www.uajms.edu.bo\/fciv\/","name":"Facultad de Ciencias Integradas de Villa Montes","description":"FCIVM","potentialAction":[{"@type":"SearchAction","target":{"@type":"EntryPoint","urlTemplate":"https:\/\/www.uajms.edu.bo\/fciv\/?s={search_term_string}"},"query-input":{"@type":"PropertyValueSpecification","valueRequired":true,"valueName":"search_term_string"}}],"inLanguage":"es"}]}},"publishpress_future_action":{"enabled":false,"date":"2026-04-12 13:25:08","action":"change-status","newStatus":"draft","terms":[],"taxonomy":"","extraData":[]},"publishpress_future_workflow_manual_trigger":{"enabledWorkflows":[]},"_links":{"self":[{"href":"https:\/\/www.uajms.edu.bo\/fciv\/wp-json\/wp\/v2\/pages\/35","targetHints":{"allow":["GET"]}}],"collection":[{"href":"https:\/\/www.uajms.edu.bo\/fciv\/wp-json\/wp\/v2\/pages"}],"about":[{"href":"https:\/\/www.uajms.edu.bo\/fciv\/wp-json\/wp\/v2\/types\/page"}],"author":[{"embeddable":true,"href":"https:\/\/www.uajms.edu.bo\/fciv\/wp-json\/wp\/v2\/users\/6"}],"replies":[{"embeddable":true,"href":"https:\/\/www.uajms.edu.bo\/fciv\/wp-json\/wp\/v2\/comments?post=35"}],"version-history":[{"count":5,"href":"https:\/\/www.uajms.edu.bo\/fciv\/wp-json\/wp\/v2\/pages\/35\/revisions"}],"predecessor-version":[{"id":1476,"href":"https:\/\/www.uajms.edu.bo\/fciv\/wp-json\/wp\/v2\/pages\/35\/revisions\/1476"}],"wp:attachment":[{"href":"https:\/\/www.uajms.edu.bo\/fciv\/wp-json\/wp\/v2\/media?parent=35"}],"curies":[{"name":"wp","href":"https:\/\/api.w.org\/{rel}","templated":true}]}}