

{"id":31,"date":"2012-12-05T16:59:45","date_gmt":"2012-12-05T16:59:45","guid":{"rendered":"http:\/\/fciv.ws.uajms.edu.bo\/?page_id=31"},"modified":"2012-12-05T16:59:45","modified_gmt":"2012-12-05T16:59:45","slug":"resena-historica","status":"publish","type":"page","link":"https:\/\/www.uajms.edu.bo\/fciv\/resena-historica\/","title":{"rendered":"Rese\u00f1a Historica"},"content":{"rendered":"<h1 style=\"text-align: justify\">Aspectos Legales e Hist\u00f3ricos<\/h1>\n<p style=\"text-align: justify\">En fecha 26 de octubre de 2010, mediante RHCU N\u00ba 126\/2010 se hace realidad la creaci\u00f3n de la Facultad de Ciencias Integradas de Villa Montes.<\/p>\n<p style=\"text-align: justify\">Mediante\u00a0 la\u00a0 RR N\u00ba 778\/10,\u00a0 de 15 de diciembre de 2010, se implementa la nueva Facultad con las carreras de Medicina Veterinaria y Zootecnia; Ingenier\u00eda de Petr\u00f3leo y Gas Natural e Ingenier\u00eda Petroqu\u00edmica.<\/p>\n<p style=\"text-align: justify\">A partir del a\u00f1o 2010, el proceso de cambio y transformaci\u00f3n, en el marco de descentralizaci\u00f3n administrativa\u00a0 y acad\u00e9mica implementado por la U.A.J.M.S., permite que las estructuras acad\u00e9micas vigentes en las provincias\u00a0 tengan cambios\u00a0 importantes, como la creaci\u00f3n de las Facultades Integradas en las provincias.<\/p>\n<p style=\"text-align: justify\">La nueva estructura facultativa ubicada en la ciudad de Villa Montes, es parte integrante de la Universidad Aut\u00f3noma Juan Misael Saracho y\u00a0 tiene una estructura acad\u00e9mica administrativa pertinente con las funciones enmarcadas en el Estatuto Org\u00e1nico vigente.<\/p>\n<p style=\"text-align: justify\">La Facultad Integrada de Villa Montes, como parte la UAJMS y del Sistema de la Universidad Boliviana, abraza los principios generales de Autonom\u00eda y Cogobierno Paritario Docente-Estudiantil. Es una persona colectiva de derecho p\u00fablico con identidad, construida alrededor de su visi\u00f3n, misi\u00f3n, principios, valores y criterios rectores.<\/p>\n<p>&nbsp;<\/p>\n<p><a href=\"http:\/\/www.uajms.edu.bo\/fciv\/wp-content\/uploads\/sites\/9\/2012\/12\/inicio1.jpg\"><img fetchpriority=\"high\" decoding=\"async\" class=\"aligncenter size-medium wp-image-157\" title=\"inicio\" src=\"http:\/\/www.uajms.edu.bo\/fciv\/wp-content\/uploads\/sites\/9\/2012\/12\/inicio1-300x225.jpg\" alt=\"\" width=\"300\" height=\"225\" srcset=\"https:\/\/www.uajms.edu.bo\/fciv\/wp-content\/uploads\/sites\/9\/2012\/12\/inicio1-300x225.jpg 300w, https:\/\/www.uajms.edu.bo\/fciv\/wp-content\/uploads\/sites\/9\/2012\/12\/inicio1-768x576.jpg 768w, https:\/\/www.uajms.edu.bo\/fciv\/wp-content\/uploads\/sites\/9\/2012\/12\/inicio1-1024x768.jpg 1024w, https:\/\/www.uajms.edu.bo\/fciv\/wp-content\/uploads\/sites\/9\/2012\/12\/inicio1.jpg 2016w\" sizes=\"(max-width: 300px) 100vw, 300px\" \/><\/a><\/p>\n","protected":false},"excerpt":{"rendered":"<p>Aspectos Legales e Hist\u00f3ricos En fecha 26 de octubre de 2010, mediante RHCU N\u00ba 126\/2010 se hace realidad la creaci\u00f3n de la Facultad de Ciencias Integradas de Villa Montes. Mediante\u00a0 la\u00a0 RR N\u00ba 778\/10,\u00a0 de 15 de diciembre de 2010, &hellip; <a href=\"https:\/\/www.uajms.edu.bo\/fciv\/resena-historica\/\">Sigue leyendo <span class=\"meta-nav\">&rarr;<\/span><\/a><\/p>\n","protected":false},"author":6,"featured_media":0,"parent":0,"menu_order":0,"comment_status":"open","ping_status":"open","template":"","meta":{"_joinchat":[],"footnotes":""},"class_list":["post-31","page","type-page","status-publish","hentry"],"yoast_head":"<!-- This site is optimized with the Yoast SEO plugin v27.3 - https:\/\/yoast.com\/product\/yoast-seo-wordpress\/ -->\n<title>Rese\u00f1a Historica - Facultad de Ciencias Integradas de Villa Montes<\/title>\n<meta name=\"robots\" content=\"index, follow, max-snippet:-1, max-image-preview:large, max-video-preview:-1\" \/>\n<link rel=\"canonical\" href=\"https:\/\/www.uajms.edu.bo\/fciv\/resena-historica\/\" \/>\n<meta property=\"og:locale\" content=\"es_ES\" \/>\n<meta property=\"og:type\" content=\"article\" \/>\n<meta property=\"og:title\" content=\"Rese\u00f1a Historica - Facultad de Ciencias Integradas de Villa Montes\" \/>\n<meta property=\"og:description\" content=\"Aspectos Legales e Hist\u00f3ricos En fecha 26 de octubre de 2010, mediante RHCU N\u00ba 126\/2010 se hace realidad la creaci\u00f3n de la Facultad de Ciencias Integradas de Villa Montes. Mediante\u00a0 la\u00a0 RR N\u00ba 778\/10,\u00a0 de 15 de diciembre de 2010, &hellip; Sigue leyendo &rarr;\" \/>\n<meta property=\"og:url\" content=\"https:\/\/www.uajms.edu.bo\/fciv\/resena-historica\/\" \/>\n<meta property=\"og:site_name\" content=\"Facultad de Ciencias Integradas de Villa Montes\" \/>\n<meta property=\"og:image\" content=\"http:\/\/www.uajms.edu.bo\/fciv\/wp-content\/uploads\/sites\/9\/2012\/12\/inicio1-300x225.jpg\" \/>\n<meta name=\"twitter:card\" content=\"summary_large_image\" \/>\n<meta name=\"twitter:label1\" content=\"Tiempo de lectura\" \/>\n\t<meta name=\"twitter:data1\" content=\"1 minuto\" \/>\n<script type=\"application\/ld+json\" class=\"yoast-schema-graph\">{\"@context\":\"https:\\\/\\\/schema.org\",\"@graph\":[{\"@type\":\"WebPage\",\"@id\":\"https:\\\/\\\/www.uajms.edu.bo\\\/fciv\\\/resena-historica\\\/\",\"url\":\"https:\\\/\\\/www.uajms.edu.bo\\\/fciv\\\/resena-historica\\\/\",\"name\":\"Rese\u00f1a Historica - Facultad de Ciencias Integradas de Villa Montes\",\"isPartOf\":{\"@id\":\"https:\\\/\\\/www.uajms.edu.bo\\\/fciv\\\/#website\"},\"primaryImageOfPage\":{\"@id\":\"https:\\\/\\\/www.uajms.edu.bo\\\/fciv\\\/resena-historica\\\/#primaryimage\"},\"image\":{\"@id\":\"https:\\\/\\\/www.uajms.edu.bo\\\/fciv\\\/resena-historica\\\/#primaryimage\"},\"thumbnailUrl\":\"http:\\\/\\\/www.uajms.edu.bo\\\/fciv\\\/wp-content\\\/uploads\\\/sites\\\/9\\\/2012\\\/12\\\/inicio1-300x225.jpg\",\"datePublished\":\"2012-12-05T16:59:45+00:00\",\"breadcrumb\":{\"@id\":\"https:\\\/\\\/www.uajms.edu.bo\\\/fciv\\\/resena-historica\\\/#breadcrumb\"},\"inLanguage\":\"es\",\"potentialAction\":[{\"@type\":\"ReadAction\",\"target\":[\"https:\\\/\\\/www.uajms.edu.bo\\\/fciv\\\/resena-historica\\\/\"]}]},{\"@type\":\"ImageObject\",\"inLanguage\":\"es\",\"@id\":\"https:\\\/\\\/www.uajms.edu.bo\\\/fciv\\\/resena-historica\\\/#primaryimage\",\"url\":\"https:\\\/\\\/www.uajms.edu.bo\\\/fciv\\\/wp-content\\\/uploads\\\/sites\\\/9\\\/2012\\\/12\\\/inicio1.jpg\",\"contentUrl\":\"https:\\\/\\\/www.uajms.edu.bo\\\/fciv\\\/wp-content\\\/uploads\\\/sites\\\/9\\\/2012\\\/12\\\/inicio1.jpg\",\"width\":2016,\"height\":1512},{\"@type\":\"BreadcrumbList\",\"@id\":\"https:\\\/\\\/www.uajms.edu.bo\\\/fciv\\\/resena-historica\\\/#breadcrumb\",\"itemListElement\":[{\"@type\":\"ListItem\",\"position\":1,\"name\":\"Home\",\"item\":\"https:\\\/\\\/www.uajms.edu.bo\\\/fciv\\\/\"},{\"@type\":\"ListItem\",\"position\":2,\"name\":\"Rese\u00f1a Historica\"}]},{\"@type\":\"WebSite\",\"@id\":\"https:\\\/\\\/www.uajms.edu.bo\\\/fciv\\\/#website\",\"url\":\"https:\\\/\\\/www.uajms.edu.bo\\\/fciv\\\/\",\"name\":\"Facultad de Ciencias Integradas de Villa Montes\",\"description\":\"FCIVM\",\"potentialAction\":[{\"@type\":\"SearchAction\",\"target\":{\"@type\":\"EntryPoint\",\"urlTemplate\":\"https:\\\/\\\/www.uajms.edu.bo\\\/fciv\\\/?s={search_term_string}\"},\"query-input\":{\"@type\":\"PropertyValueSpecification\",\"valueRequired\":true,\"valueName\":\"search_term_string\"}}],\"inLanguage\":\"es\"}]}<\/script>\n<!-- \/ Yoast SEO plugin. -->","yoast_head_json":{"title":"Rese\u00f1a Historica - Facultad de Ciencias Integradas de Villa Montes","robots":{"index":"index","follow":"follow","max-snippet":"max-snippet:-1","max-image-preview":"max-image-preview:large","max-video-preview":"max-video-preview:-1"},"canonical":"https:\/\/www.uajms.edu.bo\/fciv\/resena-historica\/","og_locale":"es_ES","og_type":"article","og_title":"Rese\u00f1a Historica - Facultad de Ciencias Integradas de Villa Montes","og_description":"Aspectos Legales e Hist\u00f3ricos En fecha 26 de octubre de 2010, mediante RHCU N\u00ba 126\/2010 se hace realidad la creaci\u00f3n de la Facultad de Ciencias Integradas de Villa Montes. Mediante\u00a0 la\u00a0 RR N\u00ba 778\/10,\u00a0 de 15 de diciembre de 2010, &hellip; Sigue leyendo &rarr;","og_url":"https:\/\/www.uajms.edu.bo\/fciv\/resena-historica\/","og_site_name":"Facultad de Ciencias Integradas de Villa Montes","og_image":[{"url":"http:\/\/www.uajms.edu.bo\/fciv\/wp-content\/uploads\/sites\/9\/2012\/12\/inicio1-300x225.jpg","type":"","width":"","height":""}],"twitter_card":"summary_large_image","twitter_misc":{"Tiempo de lectura":"1 minuto"},"schema":{"@context":"https:\/\/schema.org","@graph":[{"@type":"WebPage","@id":"https:\/\/www.uajms.edu.bo\/fciv\/resena-historica\/","url":"https:\/\/www.uajms.edu.bo\/fciv\/resena-historica\/","name":"Rese\u00f1a Historica - Facultad de Ciencias Integradas de Villa Montes","isPartOf":{"@id":"https:\/\/www.uajms.edu.bo\/fciv\/#website"},"primaryImageOfPage":{"@id":"https:\/\/www.uajms.edu.bo\/fciv\/resena-historica\/#primaryimage"},"image":{"@id":"https:\/\/www.uajms.edu.bo\/fciv\/resena-historica\/#primaryimage"},"thumbnailUrl":"http:\/\/www.uajms.edu.bo\/fciv\/wp-content\/uploads\/sites\/9\/2012\/12\/inicio1-300x225.jpg","datePublished":"2012-12-05T16:59:45+00:00","breadcrumb":{"@id":"https:\/\/www.uajms.edu.bo\/fciv\/resena-historica\/#breadcrumb"},"inLanguage":"es","potentialAction":[{"@type":"ReadAction","target":["https:\/\/www.uajms.edu.bo\/fciv\/resena-historica\/"]}]},{"@type":"ImageObject","inLanguage":"es","@id":"https:\/\/www.uajms.edu.bo\/fciv\/resena-historica\/#primaryimage","url":"https:\/\/www.uajms.edu.bo\/fciv\/wp-content\/uploads\/sites\/9\/2012\/12\/inicio1.jpg","contentUrl":"https:\/\/www.uajms.edu.bo\/fciv\/wp-content\/uploads\/sites\/9\/2012\/12\/inicio1.jpg","width":2016,"height":1512},{"@type":"BreadcrumbList","@id":"https:\/\/www.uajms.edu.bo\/fciv\/resena-historica\/#breadcrumb","itemListElement":[{"@type":"ListItem","position":1,"name":"Home","item":"https:\/\/www.uajms.edu.bo\/fciv\/"},{"@type":"ListItem","position":2,"name":"Rese\u00f1a Historica"}]},{"@type":"WebSite","@id":"https:\/\/www.uajms.edu.bo\/fciv\/#website","url":"https:\/\/www.uajms.edu.bo\/fciv\/","name":"Facultad de Ciencias Integradas de Villa Montes","description":"FCIVM","potentialAction":[{"@type":"SearchAction","target":{"@type":"EntryPoint","urlTemplate":"https:\/\/www.uajms.edu.bo\/fciv\/?s={search_term_string}"},"query-input":{"@type":"PropertyValueSpecification","valueRequired":true,"valueName":"search_term_string"}}],"inLanguage":"es"}]}},"publishpress_future_action":{"enabled":false,"date":"2026-04-21 07:30:59","action":"change-status","newStatus":"draft","terms":[],"taxonomy":"","extraData":[]},"publishpress_future_workflow_manual_trigger":{"enabledWorkflows":[]},"_links":{"self":[{"href":"https:\/\/www.uajms.edu.bo\/fciv\/wp-json\/wp\/v2\/pages\/31","targetHints":{"allow":["GET"]}}],"collection":[{"href":"https:\/\/www.uajms.edu.bo\/fciv\/wp-json\/wp\/v2\/pages"}],"about":[{"href":"https:\/\/www.uajms.edu.bo\/fciv\/wp-json\/wp\/v2\/types\/page"}],"author":[{"embeddable":true,"href":"https:\/\/www.uajms.edu.bo\/fciv\/wp-json\/wp\/v2\/users\/6"}],"replies":[{"embeddable":true,"href":"https:\/\/www.uajms.edu.bo\/fciv\/wp-json\/wp\/v2\/comments?post=31"}],"version-history":[{"count":0,"href":"https:\/\/www.uajms.edu.bo\/fciv\/wp-json\/wp\/v2\/pages\/31\/revisions"}],"wp:attachment":[{"href":"https:\/\/www.uajms.edu.bo\/fciv\/wp-json\/wp\/v2\/media?parent=31"}],"curies":[{"name":"wp","href":"https:\/\/api.w.org\/{rel}","templated":true}]}}