

{"id":193,"date":"2022-11-22T21:01:49","date_gmt":"2022-11-22T21:01:49","guid":{"rendered":"https:\/\/www.uajms.edu.bo\/fce\/?page_id=193"},"modified":"2026-01-15T13:11:59","modified_gmt":"2026-01-15T13:11:59","slug":"administracion-y-gestion-publica","status":"publish","type":"page","link":"https:\/\/www.uajms.edu.bo\/fce\/administracion-y-gestion-publica\/","title":{"rendered":"Administraci\u00f3n y Gesti\u00f3n P\u00fablica"},"content":{"rendered":"","protected":false},"excerpt":{"rendered":"","protected":false},"author":126,"featured_media":0,"parent":0,"menu_order":0,"comment_status":"closed","ping_status":"closed","template":"","meta":{"_joinchat":[],"footnotes":""},"class_list":["post-193","page","type-page","status-publish","hentry"],"publishpress_future_action":{"enabled":false,"date":"2026-05-21 07:55:43","action":"change-status","newStatus":"draft","terms":[],"taxonomy":"","extraData":[]},"publishpress_future_workflow_manual_trigger":{"enabledWorkflows":[]},"_links":{"self":[{"href":"https:\/\/www.uajms.edu.bo\/fce\/wp-json\/wp\/v2\/pages\/193","targetHints":{"allow":["GET"]}}],"collection":[{"href":"https:\/\/www.uajms.edu.bo\/fce\/wp-json\/wp\/v2\/pages"}],"about":[{"href":"https:\/\/www.uajms.edu.bo\/fce\/wp-json\/wp\/v2\/types\/page"}],"author":[{"embeddable":true,"href":"https:\/\/www.uajms.edu.bo\/fce\/wp-json\/wp\/v2\/users\/126"}],"replies":[{"embeddable":true,"href":"https:\/\/www.uajms.edu.bo\/fce\/wp-json\/wp\/v2\/comments?post=193"}],"version-history":[{"count":5,"href":"https:\/\/www.uajms.edu.bo\/fce\/wp-json\/wp\/v2\/pages\/193\/revisions"}],"predecessor-version":[{"id":1359,"href":"https:\/\/www.uajms.edu.bo\/fce\/wp-json\/wp\/v2\/pages\/193\/revisions\/1359"}],"wp:attachment":[{"href":"https:\/\/www.uajms.edu.bo\/fce\/wp-json\/wp\/v2\/media?parent=193"}],"curies":[{"name":"wp","href":"https:\/\/api.w.org\/{rel}","templated":true}]}}