

{"id":361,"date":"2020-03-05T13:21:59","date_gmt":"2020-03-05T13:21:59","guid":{"rendered":"http:\/\/www.uajms.edu.bo\/fcaf\/?page_id=361"},"modified":"2021-01-29T13:12:35","modified_gmt":"2021-01-29T13:12:35","slug":"carrera-de-ing-agronomica","status":"publish","type":"page","link":"https:\/\/www.uajms.edu.bo\/fcaf\/carrera-de-ing-agronomica\/","title":{"rendered":"CARRERA DE ING. AGRON\u00d3MICA"},"content":{"rendered":"<p style=\"text-align: justify\"><b>RESE\u00d1A HIST\u00d3RICA<\/b><\/p>\n<p style=\"text-align: left\">La ense\u00f1anza de las ciencias agr\u00edcolas en Tarija se inicia el 5 de diciembre de 1951, con creaci\u00f3n de la\u00a0 Escuela Pr\u00e1ctica de Agricultura y Ganader\u00eda; ubicada en la zona El Tejar Posteriormente se funda la Facultad de Ingenier\u00eda\u00a0 Forestal\u00a0 y Agron\u00f3mica\u00a0 por Resoluci\u00f3n del H.C.U. N 285 del 25 de julio de 1966.<\/p>\n<p style=\"text-align: left\">La reforma universitaria de 1970 suprime la rama de la Ingenier\u00eda Agron\u00f3mica y\u00a0 el 1972 cambia la estructura org\u00e1nica\u00a0 para dar lugar a la Facultad de Tecnolog\u00eda\u00a0 con las carreras de Ingenier\u00eda Forestal, Agronom\u00eda del Valle y Agronom\u00eda del Tr\u00f3pico, a nivel de Licenciatura.<\/p>\n<p style=\"text-align: left\">En enero de 1978, las carreras de Ingenier\u00eda Agron\u00f3mica e Ingenier\u00eda Forestal e agruparon en la Facultad de ciencias Agr\u00edcolas y Pecuarias, denominaci\u00f3n ratificada en la sectorial\u00a0 del \u00e1rea realizada en Tarija en agosto de 1979.<\/p>\n<p style=\"text-align: left\">La Carrera de Ingenier\u00eda Agron\u00f3mica se constituye como tal\u00a0 a partir de noviembre de 1975 a trav\u00e9s de la reestructuraci\u00f3n del Pensum y una conversi\u00f3n de los t\u00edtulos de Ingeniero del Valle y del Tr\u00f3pico a Ingeniero Agr\u00f3nomo.<\/p>\n<p style=\"text-align: justify\"><b>MISION<\/b><\/p>\n<p style=\"text-align: left\">Formar profesionales integrales con sensibilidad social, competitivos, con criterios de sostenibilidad, culturalidad, multidisciplinaridad, \u00e9ticos, morales, creativos en innovadores, con pensamiento cr\u00edtico y reflexivo capaces de contribuir al desarrollo del sector agropecuario.<\/p>\n<p style=\"text-align: justify\"><b>VISION<\/b><\/p>\n<p style=\"text-align: left\">Formar profesionales cr\u00edticos y creativos, con un profundo conocimiento objetivo de los recursos, que constituyen su \u00e1mbito de trabajo con un sentido social y ecol\u00f3gicamente sostenible y con \u00e9tica profesional.<\/p>\n<p style=\"text-align: justify\">Promueve la realizaci\u00f3n de la investigaci\u00f3n aplicada en \u00e1reas prioritarias y estrat\u00e9gicas, respondiendo a las necesidades del desarrollo sostenible de la regi\u00f3n y del Pa\u00eds.<\/p>\n<p style=\"text-align: justify\"><b>OBJETIVOS<\/b><\/p>\n<p style=\"text-align: justify\">Formar profesionales con s\u00f3lidos conocimientos cient\u00edficos y tecnol\u00f3gicos que le permiten intervenir en: las cadenas productivas de base agropecuaria, en la actividad acad\u00e9mica, en el medio ambiente y en la preservaci\u00f3n de los recursos naturales desde una visi\u00f3n integral y sustentable; dentro de un contexto socioecon\u00f3mico sostenible.<\/p>\n<p style=\"text-align: justify\"><b>PERFIL PROFESIONAL<\/b><\/p>\n<ul>\n<li style=\"text-align: justify\">Identificar los factores esenciales de producci\u00f3n y hacer uso de los mismos con eficacia t\u00e9cnica, ecol\u00f3gica y econ\u00f3mica para garantizar una producci\u00f3n agropecuaria eficiente.<\/li>\n<li style=\"text-align: justify\">Diagnosticar la realidad agropecuaria regional y nacional, identificar potencialidades y debilidades de la producci\u00f3n para proponer estrategias de desarrollo.<\/li>\n<li style=\"text-align: justify\">Generar, planificar, elaborar, coordinar, supervisar, ejecutar y evaluar proyectos de desarrollo agropecuario y manejo de los recursos naturales.<\/li>\n<li style=\"text-align: justify\">Dise\u00f1ar y desarrollar investigaciones agropecuarias e interpretar, difundir y utilizar objetivamente sus resultados.<\/li>\n<li style=\"text-align: justify\">Desempe\u00f1arse eficientemente en t\u00e9cnicas de comercializaci\u00f3n, marketing, el procesamiento y conservaci\u00f3n de productos provenientes de actividades agropecuarias.<\/li>\n<li style=\"text-align: justify\">Generar tecnolog\u00edas agroecol\u00f3gicas que sean compatibles con la situaci\u00f3n de escasez de recursos de capital y de adversidad f\u00edsico productiva del campo.<\/li>\n<li style=\"text-align: justify\">Trabajar Inter disciplinadamente para la generaci\u00f3n, aplicaci\u00f3n y difusi\u00f3n de tecnolog\u00edas apropiadas que se adapten mejor a las condiciones adversas del \u00e1rea rural optimizando los recursos disponibles.<\/li>\n<li style=\"text-align: justify\">Gerenciar, operar y mantener sistemas y procesos agropecuarios.<\/li>\n<li style=\"text-align: justify\">Planificar y manejar con eficiencia la organizaci\u00f3n, gesti\u00f3n y autogesti\u00f3n de sistemas de producci\u00f3n agropecuaria con visi\u00f3n empresarial y comunitaria.<\/li>\n<li style=\"text-align: justify\">Promover la motivaci\u00f3n y organizaci\u00f3n para mejorar la calidad de vida de la sociedad rural con criterios de concertaci\u00f3n y democracia a trav\u00e9s de habilidades y destrezas en comunicaci\u00f3n social.<\/li>\n<li style=\"text-align: justify\">Organizar y capacitar a los agricultores para que ellos mismos protagonicen su autodesarrollo.<\/li>\n<li style=\"text-align: justify\">Generar su propia fuente de trabajo.<\/li>\n<\/ul>\n<p style=\"text-align: justify\"><b>MODALIDADES DE GRADUACI\u00d3N<\/b><\/p>\n<p style=\"text-align: justify\">Al cumplir todos los requisitos exigidos por la carrera y vencido el sistema de graduaci\u00f3n seleccionado, la Universidad le otorga el grado acad\u00e9mico de Licenciado en Ingenier\u00eda Agron\u00f3mica y el correspondiente Titulo en Provisi\u00f3n Nacional de Ingeniero Forestal.<\/p>\n<p style=\"text-align: justify\"><b>CAMPO OCUPACIONAL\u00a0<\/b><\/p>\n<ul style=\"text-align: justify\">\n<li>ONG\u2019s.<\/li>\n<li>Municipios.<\/li>\n<li>Empresas privadas.<\/li>\n<li>Consultoras.<\/li>\n<li>Generaci\u00f3n de empleo propio<\/li>\n<\/ul>\n<p style=\"text-align: justify\"><b>INFRAESTRUCTURA Y LABORATORIOS<\/b><\/p>\n<p style=\"text-align: justify\">Para el desarrollo de pr\u00e1cticas, la Carrera de Ingenier\u00eda Forestal cuenta con la siguiente infraestructura:<\/p>\n<ul style=\"text-align: justify\">\n<li>Laboratorio de Qu\u00edmica.<\/li>\n<li>Laboratorio de Suelos.<\/li>\n<li>Laboratorio de Biolog\u00eda.<\/li>\n<li>Laboratorio de Semillas.<\/li>\n<li>Laboratorio de Tecnolog\u00eda de la Madera<\/li>\n<li>Estaci\u00f3n Experimental en R\u00edo Conchas.<\/li>\n<li>Estaci\u00f3n Experimental en Puerto Margarita.<\/li>\n<li>Fundo de Chocloca.<\/li>\n<li>Gabinete de computaci\u00f3n<\/li>\n<li>Biblioteca Especializada.<\/li>\n<\/ul>\n<p style=\"text-align: justify\"><b>ESTACIONES EXPERIMENTALES<\/b><\/p>\n<p style=\"text-align: justify\">La carrera\u00a0 de Ingenier\u00eda Agron\u00f3mica cuenta con estaciones experimentales en diferentes zonas ecol\u00f3gicas, de acuerdo a la necesidad de formaci\u00f3n que se requiere para los futuros Ingenieros Agr\u00f3nomos, organizados en m\u00f3dulos productivos.<\/p>\n<ul style=\"text-align: justify\">\n<li><strong>Centro Experimental Agropecuario de Chocloca (CECH).<\/strong><\/li>\n<\/ul>\n<p style=\"text-align: justify\">En el que se desarrollan los siguientes m\u00f3dulos productivos.<\/p>\n<p>&#8211;\u00a0\u00a0 \u00a0M\u00f3dulo lechero.<br \/>\n&#8211;\u00a0\u00a0 \u00a0M\u00f3dulo de producci\u00f3n de forrajes.<br \/>\n&#8211;\u00a0\u00a0 \u00a0M\u00f3dulo de producci\u00f3n ap\u00edcola.<br \/>\n&#8211;\u00a0\u00a0 \u00a0M\u00f3dulo de producci\u00f3n de Frutales.<br \/>\n&#8211;\u00a0\u00a0 \u00a0M\u00f3dulo de producci\u00f3n de Tub\u00e9rculos.<br \/>\n&#8211;\u00a0\u00a0 \u00a0M\u00f3dulo de producci\u00f3n de Granos y Cereales.<\/p>\n<ul style=\"text-align: justify\">\n<li><strong>Centro de\u00a0\u00a0 Producci\u00f3n Ganadera Puerto Margarita.<\/strong><\/li>\n<\/ul>\n<p style=\"text-align: justify\">&#8211;\u00a0\u00a0 \u00a0M\u00f3dulo de mejoramiento gen\u00e9tico de ganado bovino criollo.<br \/>\n&#8211;\u00a0\u00a0 \u00a0M\u00f3dulo de engorde de novillos.<br \/>\n&#8211;\u00a0\u00a0 \u00a0M\u00f3dulos de Unidades vegetacionales.<br \/>\n&#8211;\u00a0\u00a0 \u00a0M\u00f3dulo de producci\u00f3n de pastos y forrajes.<\/p>\n<p><strong>\u00a0 \u00a0 \u00a0 \u00a0 \u00a0 \u00a0 \u00a0 \u00a0 \u00a0 \u00a0\u00a0<\/strong><\/p>\n","protected":false},"excerpt":{"rendered":"<p>RESE\u00d1A HIST\u00d3RICA La ense\u00f1anza de las ciencias agr\u00edcolas en Tarija se inicia el 5 de diciembre de 1951, con creaci\u00f3n de la\u00a0 Escuela Pr\u00e1ctica de Agricultura y Ganader\u00eda; ubicada en [&hellip;]<\/p>\n","protected":false},"author":1,"featured_media":0,"parent":0,"menu_order":0,"comment_status":"closed","ping_status":"closed","template":"","meta":{"jetpack_post_was_ever_published":false,"_joinchat":[],"footnotes":""},"class_list":["post-361","page","type-page","status-publish","hentry"],"jetpack_sharing_enabled":true,"jetpack_shortlink":"https:\/\/wp.me\/P7pSUX-5P","jetpack-related-posts":[],"publishpress_future_action":{"enabled":false,"date":"2026-04-21 23:30:35","action":"change-status","newStatus":"draft","terms":[],"taxonomy":"","extraData":[]},"publishpress_future_workflow_manual_trigger":{"enabledWorkflows":[]},"_links":{"self":[{"href":"https:\/\/www.uajms.edu.bo\/fcaf\/wp-json\/wp\/v2\/pages\/361","targetHints":{"allow":["GET"]}}],"collection":[{"href":"https:\/\/www.uajms.edu.bo\/fcaf\/wp-json\/wp\/v2\/pages"}],"about":[{"href":"https:\/\/www.uajms.edu.bo\/fcaf\/wp-json\/wp\/v2\/types\/page"}],"author":[{"embeddable":true,"href":"https:\/\/www.uajms.edu.bo\/fcaf\/wp-json\/wp\/v2\/users\/1"}],"replies":[{"embeddable":true,"href":"https:\/\/www.uajms.edu.bo\/fcaf\/wp-json\/wp\/v2\/comments?post=361"}],"version-history":[{"count":5,"href":"https:\/\/www.uajms.edu.bo\/fcaf\/wp-json\/wp\/v2\/pages\/361\/revisions"}],"predecessor-version":[{"id":497,"href":"https:\/\/www.uajms.edu.bo\/fcaf\/wp-json\/wp\/v2\/pages\/361\/revisions\/497"}],"wp:attachment":[{"href":"https:\/\/www.uajms.edu.bo\/fcaf\/wp-json\/wp\/v2\/media?parent=361"}],"curies":[{"name":"wp","href":"https:\/\/api.w.org\/{rel}","templated":true}]}}