

{"id":298,"date":"2020-03-02T19:10:17","date_gmt":"2020-03-02T19:10:17","guid":{"rendered":"http:\/\/www.uajms.edu.bo\/fcaf\/?page_id=298"},"modified":"2020-03-02T19:33:33","modified_gmt":"2020-03-02T19:33:33","slug":"carrera-de-ing-forestal","status":"publish","type":"page","link":"https:\/\/www.uajms.edu.bo\/fcaf\/carrera-de-ing-forestal\/","title":{"rendered":"Carrera de Ing. Forestal"},"content":{"rendered":"<p style=\"text-align: justify;\"><strong>RESE\u00d1A\u00a0<\/strong><b>HIST\u00d3RICA<\/b><\/p>\n<p style=\"text-align: justify;\">La ense\u00f1anza de las Ciencias Forestales en nuestra Universidad, se inicia el 1967, con la creaci\u00f3n de la Facultad de Ingenier\u00eda Forestal, Riegos y Conservaci\u00f3n de Suelos,\u00a0 posteriormente se denomin\u00f3 Facultad de Ingenier\u00eda Forestal y Agron\u00f3mica, el a\u00f1o 1969 se le dio el nombre de Facultad de Ingenier\u00eda Forestal. A partir de 1971 paso a depender de la Facultad de Ciencias Puras y Naturales como Carrera de Ingenier\u00eda Forestal hasta 1976, para luego ser parte de la Facultad de Tecnolog\u00eda. Posteriormente se cre\u00f3 la Facultad de Ciencias Agr\u00edcolas y Pecuarias, a la cual perteneci\u00f3 la Carrera hasta que el a\u00f1o 1981 Una vez instaurado el r\u00e9gimen democr\u00e1tico en el pa\u00eds, se cambi\u00f3 de nombre por Facultad de Ciencias Agr\u00edcolas y Forestales, de la cual depende a la fecha.<\/p>\n<p style=\"text-align: justify;\">Debido a estos antecedentes es que el\u00a0 plan de estudios de la carrera de Ingenier\u00eda Forestal fue sometido a diferentes modificaciones de acuerdo a las exigencias tanto regionales como nacionales. Originando como consecuencia se pase por diferentes\u00a0 sistemas de administraci\u00f3n, trimestral, semestral, anual.<\/p>\n<p style=\"text-align: justify;\">Durante la gesti\u00f3n 2002 se implementa una estructura departa mentalizada con un sistema semestral izada, de administraci\u00f3n anual y graduaci\u00f3n directa, la cual a inicios la gesti\u00f3n 2007 lanza al mercado laboral nuevos profesionales.<\/p>\n<p style=\"text-align: justify;\"><b>MISI\u00d3N<\/b><\/p>\n<p style=\"text-align: justify;\">La integraci\u00f3n con su medio social para contribuir a la soluci\u00f3n de sus problemas y al desarrollo forestal sostenible en el \u00e1mbito local, regional y nacional, a trav\u00e9s de la administraci\u00f3n eficiente de sus recursos humanos, naturales, econ\u00f3micos y financieros.<\/p>\n<p style=\"text-align: justify;\"><b>VISI\u00d3N<\/b><\/p>\n<p style=\"text-align: justify;\">La Carrera de Ingenier\u00eda Forestal es una instituci\u00f3n din\u00e1mica de educaci\u00f3n superior con liderazgo moral, cient\u00edfico \u2013 tecnol\u00f3gico y cultural, que busca permanentemente la formaci\u00f3n de recursos humanos de excelencia, calidad humana y sensibilidad social capaces de brindar soluciones a los problemas del sector forestal y ambiental.<\/p>\n<p style=\"text-align: justify;\"><b>OBJETIVOS<\/b><\/p>\n<p style=\"text-align: justify;\">El objetivo b\u00e1sico de la Carrera de Ingenier\u00eda Forestal, es formar profesionales t\u00e9cnica y cient\u00edficamente que le permita intervenir en: proyectar, producir, manejar, conservar y aprovechar, e investigar el recurso bosque\u00a0 que cumpla el rol prioritario que tiene el sector forestal acorde a la realidad regional y nacional; en la actividad acad\u00e9mica; en el medio ambiente y en la preservaci\u00f3n de los recursos naturales desde una visi\u00f3n integral y sustentable; dentro de un contexto socio econ\u00f3mico sostenible<\/p>\n<p style=\"text-align: justify;\"><b>PERFIL PROFESIONAL<\/b><\/p>\n<p style=\"text-align: justify;\">El profesional Forestal estar\u00e1 en condiciones de prestar servicios en las diferentes actividades forestales y en el manejo de los recursos naturales renovables como ser:<\/p>\n<ul style=\"text-align: justify;\">\n<li>En el manejo y aprovechamiento de los recursos forestales.<\/li>\n<li>Planificaci\u00f3n y evaluaci\u00f3n de los trabajos de forestaci\u00f3n y re forestaci\u00f3n.<\/li>\n<li>Conservaci\u00f3n del medio ambiente.<\/li>\n<li>Elaborar y dirigir estudios, proyectos de correcci\u00f3n de torrentes y manejo de cuencas.<\/li>\n<li>Planificar y dirigir trabajos de rehabilitaci\u00f3n de tierras y protecci\u00f3n de suelos contra erosi\u00f3n.<\/li>\n<li>Secado y tratamiento de la madera, etc.<\/li>\n<\/ul>\n<p style=\"text-align: justify;\">La Organizaci\u00f3n de Maderas Tropicales (OIMT) realizo un informe sobre \u201cLa promoci\u00f3n del desarrollo forestal sostenible en Bolivia\u201d, en el cual se presenta un an\u00e1lisis del desarrollo de los recursos humanos: con respecto a la demanda de profesionales forestales la misma que es en el orden de 880 profesionales para el a\u00f1o 2005<\/p>\n<p style=\"text-align: justify;\"><b>MODALIDADES DE GRADUACI\u00d3N<\/b><\/p>\n<p style=\"text-align: justify;\">Al cumplir todos los requisitos exigidos por la carrera y vencido el sistema de graduaci\u00f3n seleccionado, la Universidad le otorga el grado acad\u00e9mico de Licenciado en Ingenier\u00eda Forestal y el correspondiente Titulo en Provisi\u00f3n Nacional de Ingeniero Forestal.<\/p>\n<p style=\"text-align: justify;\"><b>CAMPO OCUPACIONAL\u00a0<\/b><\/p>\n<p style=\"text-align: justify;\">Los ingenieros est\u00e1n preparados para desempe\u00f1arse en:<br \/>\nMunicipios, ONG&#8217;s, empresas forestales privadas y ejercicio libre de la profesi\u00f3n (consultor independiente, empresario de servicios forestales) que se dedican a:<\/p>\n<ul style=\"text-align: justify;\">\n<li>Manejo de bosques naturales e implantados.<\/li>\n<li>Manejo de cuencas.<\/li>\n<li>Manejo de \u00e1reas protegidas.<\/li>\n<li>Tecnolog\u00eda e industria forestal.<\/li>\n<li>Gesti\u00f3n empresarial y comercializaci\u00f3n de productos forestales.<\/li>\n<li>Agroforesteria y desarrollo Rural.<\/li>\n<li>Zonificaci\u00f3n y ordenamiento territorial.<\/li>\n<\/ul>\n<p style=\"text-align: justify;\"><b>INFRAESTRUCTURA Y LABORATORIOS<\/b><\/p>\n<p style=\"text-align: justify;\">Para el desarrollo de pr\u00e1cticas, la Carrera de Ingenier\u00eda Forestal cuenta con la siguiente infraestructura:<\/p>\n<ul>\n<li style=\"text-align: justify;\">Laboratorio de Qu\u00edmica.<\/li>\n<li style=\"text-align: justify;\">Laboratorio de Suelos.<\/li>\n<li style=\"text-align: justify;\">Laboratorio de Biolog\u00eda.<\/li>\n<li style=\"text-align: justify;\">Laboratorio de Semillas.<\/li>\n<li style=\"text-align: justify;\">Laboratorio de Tecnolog\u00eda de la Madera.<\/li>\n<li style=\"text-align: justify;\">Laboratorio de Trabajabilidad de la madera.<\/li>\n<li style=\"text-align: justify;\">Planta de Impregnaci\u00f3n de la Madera.<\/li>\n<li style=\"text-align: justify;\">Estaci\u00f3n Experimental en R\u00edo Conchas.<\/li>\n<li style=\"text-align: justify;\">Estaci\u00f3n Experimental en Puerto Margarita.<\/li>\n<li style=\"text-align: justify;\">Fundo de Chocloca.<\/li>\n<li style=\"text-align: justify;\">Gabinete de computaci\u00f3n.<\/li>\n<li style=\"text-align: justify;\">Gabinete de Fotointerpretaci\u00f3n.<\/li>\n<li style=\"text-align: justify;\">Gabinete de Sistema de Informaci\u00f3n Geogr\u00e1fica (S.I.G.).<\/li>\n<li style=\"text-align: justify;\">Biblioteca Especializada.<strong><a href=\"https:\/\/i0.wp.com\/www.uajms.edu.bo\/fcaf\/wp-content\/uploads\/sites\/23\/2015\/03\/FORESTAL.jpg\"><img data-recalc-dims=\"1\" fetchpriority=\"high\" decoding=\"async\" data-attachment-id=\"93\" data-permalink=\"https:\/\/www.uajms.edu.bo\/fcaf\/forestal\/\" data-orig-file=\"https:\/\/i0.wp.com\/www.uajms.edu.bo\/fcaf\/wp-content\/uploads\/sites\/23\/2015\/03\/FORESTAL.jpg?fit=1134%2C1134&amp;ssl=1\" data-orig-size=\"1134,1134\" data-comments-opened=\"1\" data-image-meta=\"{&quot;aperture&quot;:&quot;0&quot;,&quot;credit&quot;:&quot;&quot;,&quot;camera&quot;:&quot;&quot;,&quot;caption&quot;:&quot;&quot;,&quot;created_timestamp&quot;:&quot;0&quot;,&quot;copyright&quot;:&quot;&quot;,&quot;focal_length&quot;:&quot;0&quot;,&quot;iso&quot;:&quot;0&quot;,&quot;shutter_speed&quot;:&quot;0&quot;,&quot;title&quot;:&quot;&quot;,&quot;orientation&quot;:&quot;1&quot;}\" data-image-title=\"FORESTAL\" data-image-description=\"\" data-image-caption=\"\" data-medium-file=\"https:\/\/i0.wp.com\/www.uajms.edu.bo\/fcaf\/wp-content\/uploads\/sites\/23\/2015\/03\/FORESTAL.jpg?fit=300%2C300&amp;ssl=1\" data-large-file=\"https:\/\/i0.wp.com\/www.uajms.edu.bo\/fcaf\/wp-content\/uploads\/sites\/23\/2015\/03\/FORESTAL.jpg?fit=1024%2C1024&amp;ssl=1\" class=\"alignright wp-image-93\" src=\"https:\/\/i0.wp.com\/www.uajms.edu.bo\/fcaf\/wp-content\/uploads\/sites\/23\/2015\/03\/FORESTAL.jpg?resize=259%2C259\" alt=\"FORESTAL\" width=\"259\" height=\"259\" srcset=\"https:\/\/i0.wp.com\/www.uajms.edu.bo\/fcaf\/wp-content\/uploads\/sites\/23\/2015\/03\/FORESTAL.jpg?resize=300%2C300&amp;ssl=1 300w, https:\/\/i0.wp.com\/www.uajms.edu.bo\/fcaf\/wp-content\/uploads\/sites\/23\/2015\/03\/FORESTAL.jpg?resize=150%2C150&amp;ssl=1 150w, https:\/\/i0.wp.com\/www.uajms.edu.bo\/fcaf\/wp-content\/uploads\/sites\/23\/2015\/03\/FORESTAL.jpg?resize=1024%2C1024&amp;ssl=1 1024w, https:\/\/i0.wp.com\/www.uajms.edu.bo\/fcaf\/wp-content\/uploads\/sites\/23\/2015\/03\/FORESTAL.jpg?resize=500%2C500&amp;ssl=1 500w, https:\/\/i0.wp.com\/www.uajms.edu.bo\/fcaf\/wp-content\/uploads\/sites\/23\/2015\/03\/FORESTAL.jpg?resize=120%2C120&amp;ssl=1 120w, https:\/\/i0.wp.com\/www.uajms.edu.bo\/fcaf\/wp-content\/uploads\/sites\/23\/2015\/03\/FORESTAL.jpg?resize=354%2C354&amp;ssl=1 354w, https:\/\/i0.wp.com\/www.uajms.edu.bo\/fcaf\/wp-content\/uploads\/sites\/23\/2015\/03\/FORESTAL.jpg?w=1134&amp;ssl=1 1134w\" sizes=\"(max-width: 259px) 100vw, 259px\" \/><\/a><\/strong><\/li>\n<\/ul>\n","protected":false},"excerpt":{"rendered":"<p>RESE\u00d1A\u00a0HIST\u00d3RICA La ense\u00f1anza de las Ciencias Forestales en nuestra Universidad, se inicia el 1967, con la creaci\u00f3n de la Facultad de Ingenier\u00eda Forestal, Riegos y Conservaci\u00f3n de Suelos,\u00a0 posteriormente se [&hellip;]<\/p>\n","protected":false},"author":1,"featured_media":0,"parent":0,"menu_order":0,"comment_status":"closed","ping_status":"closed","template":"","meta":{"jetpack_post_was_ever_published":false,"_joinchat":[],"footnotes":""},"class_list":["post-298","page","type-page","status-publish","hentry"],"jetpack_sharing_enabled":true,"jetpack_shortlink":"https:\/\/wp.me\/P7pSUX-4O","jetpack-related-posts":[],"publishpress_future_action":{"enabled":false,"date":"2026-04-27 02:06:29","action":"change-status","newStatus":"draft","terms":[],"taxonomy":"","extraData":[]},"publishpress_future_workflow_manual_trigger":{"enabledWorkflows":[]},"_links":{"self":[{"href":"https:\/\/www.uajms.edu.bo\/fcaf\/wp-json\/wp\/v2\/pages\/298","targetHints":{"allow":["GET"]}}],"collection":[{"href":"https:\/\/www.uajms.edu.bo\/fcaf\/wp-json\/wp\/v2\/pages"}],"about":[{"href":"https:\/\/www.uajms.edu.bo\/fcaf\/wp-json\/wp\/v2\/types\/page"}],"author":[{"embeddable":true,"href":"https:\/\/www.uajms.edu.bo\/fcaf\/wp-json\/wp\/v2\/users\/1"}],"replies":[{"embeddable":true,"href":"https:\/\/www.uajms.edu.bo\/fcaf\/wp-json\/wp\/v2\/comments?post=298"}],"version-history":[{"count":3,"href":"https:\/\/www.uajms.edu.bo\/fcaf\/wp-json\/wp\/v2\/pages\/298\/revisions"}],"predecessor-version":[{"id":305,"href":"https:\/\/www.uajms.edu.bo\/fcaf\/wp-json\/wp\/v2\/pages\/298\/revisions\/305"}],"wp:attachment":[{"href":"https:\/\/www.uajms.edu.bo\/fcaf\/wp-json\/wp\/v2\/media?parent=298"}],"curies":[{"name":"wp","href":"https:\/\/api.w.org\/{rel}","templated":true}]}}