

{"id":1062,"date":"2024-11-27T11:36:38","date_gmt":"2024-11-27T15:36:38","guid":{"rendered":"https:\/\/www.uajms.edu.bo\/enfermeria\/?page_id=1062"},"modified":"2025-04-28T18:11:18","modified_gmt":"2025-04-28T22:11:18","slug":"plan-de-estudios","status":"publish","type":"page","link":"https:\/\/www.uajms.edu.bo\/enfermeria\/plan-de-estudios\/","title":{"rendered":"PLAN DE ESTUDIOS"},"content":{"rendered":"\t\t<div data-elementor-type=\"wp-page\" data-elementor-id=\"1062\" class=\"elementor elementor-1062\">\n\t\t\t\t\t\t<section class=\"elementor-section elementor-top-section elementor-element elementor-element-31b1aba elementor-section-boxed elementor-section-height-default elementor-section-height-default\" data-id=\"31b1aba\" data-element_type=\"section\" data-e-type=\"section\">\n\t\t\t\t\t\t<div class=\"elementor-container elementor-column-gap-default\">\n\t\t\t\t\t<div class=\"elementor-column elementor-col-100 elementor-top-column elementor-element elementor-element-4dc4c81\" data-id=\"4dc4c81\" data-element_type=\"column\" data-e-type=\"column\">\n\t\t\t<div class=\"elementor-widget-wrap elementor-element-populated\">\n\t\t\t\t\t\t<div class=\"elementor-element elementor-element-2c9a1e9 elementor-widget elementor-widget-heading\" data-id=\"2c9a1e9\" data-element_type=\"widget\" data-e-type=\"widget\" data-widget_type=\"heading.default\">\n\t\t\t\t<div class=\"elementor-widget-container\">\n\t\t\t\t\t<h2 class=\"elementor-heading-title elementor-size-default\">PLAN DE ESTUDIOS FACULTAD CIENCIAS DE ENFERMER\u00cdA<\/h2>\t\t\t\t<\/div>\n\t\t\t\t<\/div>\n\t\t\t\t<div class=\"elementor-element elementor-element-4f3c8ec elementor-widget elementor-widget-text-editor\" data-id=\"4f3c8ec\" data-element_type=\"widget\" data-e-type=\"widget\" data-widget_type=\"text-editor.default\">\n\t\t\t\t<div class=\"elementor-widget-container\">\n\t\t\t\t\t\t\t\t\t<p>Los planes de estudio son la <strong>columna vertebral<\/strong> de una carrera universitaria, ya que definen <strong>el perfil profesional, las competencias y las habilidades<\/strong> que adquirir\u00e1n los futuros egresados. Un dise\u00f1o curricular bien estructurado garantiza:<\/p><ul><li><strong>Formaci\u00f3n integral:<\/strong> Combina conocimientos te\u00f3ricos, pr\u00e1cticos y \u00e9ticos para un desempe\u00f1o profesional s\u00f3lido.<\/li><li><strong>Actualizaci\u00f3n constante:<\/strong> Se adapta a las demandas del mercado laboral y los avances cient\u00edficos tecnol\u00f3gicos.<\/li><li><strong>Pertinencia social:<\/strong> Responde a las necesidades reales de la sociedad, formando profesionales comprometidos.<\/li><\/ul><p>Un plan de estudios bien dise\u00f1ado no solo asegura una <strong>educaci\u00f3n de calidad<\/strong>, sino que tambi\u00e9n fortalece el <strong>prestigio de la instituci\u00f3n<\/strong> y la <strong>empleabilidad de sus graduados.<\/strong><\/p>\t\t\t\t\t\t\t\t<\/div>\n\t\t\t\t<\/div>\n\t\t\t\t\t<\/div>\n\t\t<\/div>\n\t\t\t\t\t<\/div>\n\t\t<\/section>\n\t\t\t\t<section class=\"elementor-section elementor-top-section elementor-element elementor-element-1db4cdb elementor-section-boxed elementor-section-height-default elementor-section-height-default\" data-id=\"1db4cdb\" data-element_type=\"section\" data-e-type=\"section\">\n\t\t\t\t\t\t<div class=\"elementor-container elementor-column-gap-default\">\n\t\t\t\t\t<div class=\"elementor-column elementor-col-100 elementor-top-column elementor-element elementor-element-84b0cbe\" data-id=\"84b0cbe\" data-element_type=\"column\" data-e-type=\"column\">\n\t\t\t<div class=\"elementor-widget-wrap elementor-element-populated\">\n\t\t\t\t\t\t<div class=\"elementor-element elementor-element-8f32d4b elementor-widget elementor-widget-image\" data-id=\"8f32d4b\" data-element_type=\"widget\" data-e-type=\"widget\" data-widget_type=\"image.default\">\n\t\t\t\t<div class=\"elementor-widget-container\">\n\t\t\t\t\t\t\t\t\t\t\t\t\t\t\t<img fetchpriority=\"high\" decoding=\"async\" width=\"800\" height=\"486\" src=\"https:\/\/www.uajms.edu.bo\/enfermeria\/wp-content\/uploads\/sites\/65\/2025\/04\/PLAN-DE-ESTUDIOS.jpg\" class=\"attachment-large size-large wp-image-1618\" alt=\"\" \/>\t\t\t\t\t\t\t\t\t\t\t\t\t\t\t<\/div>\n\t\t\t\t<\/div>\n\t\t\t\t\t<\/div>\n\t\t<\/div>\n\t\t\t\t\t<\/div>\n\t\t<\/section>\n\t\t\t\t<\/div>\n\t\t","protected":false},"excerpt":{"rendered":"<p>PLAN DE ESTUDIOS FACULTAD CIENCIAS DE ENFERMER\u00cdA Los planes de estudio son la columna vertebral de una carrera universitaria, ya que definen el perfil profesional, las competencias y las habilidades [&hellip;]<\/p>\n","protected":false},"author":152,"featured_media":0,"parent":0,"menu_order":0,"comment_status":"closed","ping_status":"closed","template":"elementor_header_footer","meta":{"_joinchat":[],"footnotes":""},"class_list":["post-1062","page","type-page","status-publish","hentry"],"jetpack_sharing_enabled":true,"publishpress_future_action":{"enabled":false,"date":"2026-05-08 01:18:15","action":"change-status","newStatus":"draft","terms":[],"taxonomy":"","extraData":[]},"publishpress_future_workflow_manual_trigger":{"enabledWorkflows":[]},"_links":{"self":[{"href":"https:\/\/www.uajms.edu.bo\/enfermeria\/wp-json\/wp\/v2\/pages\/1062","targetHints":{"allow":["GET"]}}],"collection":[{"href":"https:\/\/www.uajms.edu.bo\/enfermeria\/wp-json\/wp\/v2\/pages"}],"about":[{"href":"https:\/\/www.uajms.edu.bo\/enfermeria\/wp-json\/wp\/v2\/types\/page"}],"author":[{"embeddable":true,"href":"https:\/\/www.uajms.edu.bo\/enfermeria\/wp-json\/wp\/v2\/users\/152"}],"replies":[{"embeddable":true,"href":"https:\/\/www.uajms.edu.bo\/enfermeria\/wp-json\/wp\/v2\/comments?post=1062"}],"version-history":[{"count":5,"href":"https:\/\/www.uajms.edu.bo\/enfermeria\/wp-json\/wp\/v2\/pages\/1062\/revisions"}],"predecessor-version":[{"id":1625,"href":"https:\/\/www.uajms.edu.bo\/enfermeria\/wp-json\/wp\/v2\/pages\/1062\/revisions\/1625"}],"wp:attachment":[{"href":"https:\/\/www.uajms.edu.bo\/enfermeria\/wp-json\/wp\/v2\/media?parent=1062"}],"curies":[{"name":"wp","href":"https:\/\/api.w.org\/{rel}","templated":true}]}}