

{"id":50,"date":"2018-03-09T13:19:24","date_gmt":"2018-03-09T13:19:24","guid":{"rendered":"http:\/\/www.uajms.edu.bo\/deva\/?page_id=50"},"modified":"2023-11-27T19:44:56","modified_gmt":"2023-11-27T19:44:56","slug":"implicancias-y-beneficios-de-la-acreditacion","status":"publish","type":"page","link":"https:\/\/www.uajms.edu.bo\/deva\/implicancias-y-beneficios-de-la-acreditacion\/","title":{"rendered":"Beneficios de la Acreditaci\u00f3n"},"content":{"rendered":"<p>Una de las prioridades de IES de los diferentes pa\u00edses, es el <em>M<\/em><u><i>ejoramiento<\/i><\/u> y <em>G<\/em><u><i>arant\u00eda<\/i><\/u> de la <em>C<\/em><u><i>alidad <\/i><\/u>en la <em>E<\/em><u><i>ducaci\u00f3n<\/i><\/u>, haci\u00e9ndose esfuerzos por lograr su adecuada definici\u00f3n, medici\u00f3n y evaluaci\u00f3n,\u00a0 permite <strong>a<i>segurar<\/i><\/strong><b><i> la Calidad y el Mejoramiento continuo de las Carreras, <\/i><\/b><i>as\u00ed mismo<\/i><b><i>, <\/i><\/b><i>c<\/i>ontribuir al mejoramiento de la <u><i>eficacia<\/i><\/u> y <u><i>eficiencia<\/i><\/u> acad\u00e9mica en la instituci\u00f3n, p<i>ara poder <\/i><u><i>certificar<\/i><\/u><i> mediante un documento de que la instituci\u00f3n posee las facultades necesarias para desempe\u00f1ar su cometido, por ello los beneficios de la Acreditaci\u00f3n se pueden resumir en los siguiente:<\/i><\/p>\n<p>\u00a0<\/p>\n\n\n<figure class=\"wp-block-gallery has-nested-images columns-default is-cropped wp-block-gallery-1 is-layout-flex wp-block-gallery-is-layout-flex\">\n<figure class=\"wp-block-image size-large\"><img fetchpriority=\"high\" decoding=\"async\" width=\"1024\" height=\"576\" data-id=\"4923\" src=\"https:\/\/www.uajms.edu.bo\/deva\/wp-content\/uploads\/sites\/42\/2023\/11\/2-1024x576.png\" alt=\"\" class=\"wp-image-4923\" srcset=\"https:\/\/www.uajms.edu.bo\/deva\/wp-content\/uploads\/sites\/42\/2023\/11\/2-1024x576.png 1024w, https:\/\/www.uajms.edu.bo\/deva\/wp-content\/uploads\/sites\/42\/2023\/11\/2-300x169.png 300w, https:\/\/www.uajms.edu.bo\/deva\/wp-content\/uploads\/sites\/42\/2023\/11\/2-768x432.png 768w, https:\/\/www.uajms.edu.bo\/deva\/wp-content\/uploads\/sites\/42\/2023\/11\/2.png 1366w\" sizes=\"(max-width: 1024px) 100vw, 1024px\" \/><\/figure>\n\n\n\n<figure class=\"wp-block-image size-large\"><img decoding=\"async\" width=\"1024\" height=\"576\" data-id=\"4924\" src=\"https:\/\/www.uajms.edu.bo\/deva\/wp-content\/uploads\/sites\/42\/2023\/11\/3-1024x576.png\" alt=\"\" class=\"wp-image-4924\" srcset=\"https:\/\/www.uajms.edu.bo\/deva\/wp-content\/uploads\/sites\/42\/2023\/11\/3-1024x576.png 1024w, https:\/\/www.uajms.edu.bo\/deva\/wp-content\/uploads\/sites\/42\/2023\/11\/3-300x169.png 300w, https:\/\/www.uajms.edu.bo\/deva\/wp-content\/uploads\/sites\/42\/2023\/11\/3-768x432.png 768w, https:\/\/www.uajms.edu.bo\/deva\/wp-content\/uploads\/sites\/42\/2023\/11\/3.png 1366w\" sizes=\"(max-width: 1024px) 100vw, 1024px\" \/><\/figure>\n<\/figure>\n","protected":false},"excerpt":{"rendered":"<p>Una de las prioridades de IES de los diferentes pa\u00edses, es el Mejoramiento y Garant\u00eda de la Calidad en la Educaci\u00f3n, haci\u00e9ndose esfuerzos por lograr su adecuada definici\u00f3n, medici\u00f3n y [&hellip;]<\/p>\n","protected":false},"author":1,"featured_media":4125,"parent":0,"menu_order":0,"comment_status":"closed","ping_status":"closed","template":"","meta":{"_joinchat":[],"footnotes":""},"class_list":["post-50","page","type-page","status-publish","has-post-thumbnail","hentry"],"jetpack_sharing_enabled":true,"publishpress_future_action":{"enabled":false,"date":"2026-05-05 01:08:01","action":"change-status","newStatus":"draft","terms":[],"taxonomy":"","extraData":[]},"publishpress_future_workflow_manual_trigger":{"enabledWorkflows":[]},"_links":{"self":[{"href":"https:\/\/www.uajms.edu.bo\/deva\/wp-json\/wp\/v2\/pages\/50","targetHints":{"allow":["GET"]}}],"collection":[{"href":"https:\/\/www.uajms.edu.bo\/deva\/wp-json\/wp\/v2\/pages"}],"about":[{"href":"https:\/\/www.uajms.edu.bo\/deva\/wp-json\/wp\/v2\/types\/page"}],"author":[{"embeddable":true,"href":"https:\/\/www.uajms.edu.bo\/deva\/wp-json\/wp\/v2\/users\/1"}],"replies":[{"embeddable":true,"href":"https:\/\/www.uajms.edu.bo\/deva\/wp-json\/wp\/v2\/comments?post=50"}],"version-history":[{"count":4,"href":"https:\/\/www.uajms.edu.bo\/deva\/wp-json\/wp\/v2\/pages\/50\/revisions"}],"predecessor-version":[{"id":4926,"href":"https:\/\/www.uajms.edu.bo\/deva\/wp-json\/wp\/v2\/pages\/50\/revisions\/4926"}],"wp:featuredmedia":[{"embeddable":true,"href":"https:\/\/www.uajms.edu.bo\/deva\/wp-json\/wp\/v2\/media\/4125"}],"wp:attachment":[{"href":"https:\/\/www.uajms.edu.bo\/deva\/wp-json\/wp\/v2\/media?parent=50"}],"curies":[{"name":"wp","href":"https:\/\/api.w.org\/{rel}","templated":true}]}}