

{"id":4256,"date":"2018-08-23T13:38:52","date_gmt":"2018-08-23T13:38:52","guid":{"rendered":"http:\/\/www.uajms.edu.bo\/deva\/?page_id=4256"},"modified":"2025-03-28T14:37:19","modified_gmt":"2025-03-28T14:37:19","slug":"carreras-autoevaluadas","status":"publish","type":"page","link":"https:\/\/www.uajms.edu.bo\/deva\/carreras-autoevaluadas\/","title":{"rendered":"CARRERAS AUTOEVALUADAS"},"content":{"rendered":"<p>La Direcci\u00f3n de Evaluaci\u00f3n y Acreditaci\u00f3n en cumplimiento de sus objetivos, bajo la premisa de incentivar e impulsar la cultura de Evaluaci\u00f3n dentro de las carreras de la Universidad y en cumplimiento de los siguientes art\u00edculos de acuerdo al reglamento de evaluaci\u00f3n y acreditaci\u00f3n de Carreras y\/o Programas del XII Congreso Nacional de Universidades que indican:<\/p>\n<p><strong>Art\u00edculo 10.<\/strong> La autoevaluaci\u00f3n aplica procedimientos t\u00e9cnicos cualitativos y cuantitativos para la valoraci\u00f3n de la calidad educativa de la carrera y\/o programa, es realizado por sus integrantes y deber\u00e1 reportar necesaria y obligatoriamente un Informe de Autoevaluaci\u00f3n.<br \/>\n<strong>Art\u00edculo 11.<\/strong> El Informe de Autoevaluaci\u00f3n, es un requisito esencial para el proceso de Evaluaci\u00f3n Externa.<br \/>\n<strong>Art\u00edculo 12.<\/strong> El Informe de Autoevaluaci\u00f3n, ser\u00e1 organizado tomando en cuenta todos los factores y caracter\u00edsticas que hacen a la calidad de cada Carrera y\/o Programa, de acuerdo a las \u00e1reas establecidas en el presente reglamento y revisado por las instancias internas de Evaluaci\u00f3n y Acreditaci\u00f3n de cada Universidad.<br \/>\n<strong>Art\u00edculo 13.<\/strong> Cada Carrera y\/o Programa conformara el equipo de autoevaluaci\u00f3n, con la participaci\u00f3n de Docentes, Estudiantes y apoyo administrativo, de acuerdo a normativa interna de cada Universidad<br \/>\n<strong>Art\u00edculo 14.<\/strong> El proceso de Autoevaluaci\u00f3n es obligatorio, continuo y participativo para todas las Carreras y\/o Programas del Sistema de la Universidad Boliviana, debiendo presentarse informes cada 4 a\u00f1os.<\/p>\n<p>En cumplimiento a los art\u00edculos mencionados la Direcci\u00f3n de Evaluaci\u00f3n y Acreditaci\u00f3n, realizo actividades concernientes al desarrollo de la Autoevalauci\u00f3n de once carreras de la Universidad, las mismas que culminaron el proceso de autoevaluaci\u00f3n bajo los parametros establecidos por la DEVA y presentaron la documentaci\u00f3n exigida.<\/p>\n<p>Carraras que culminaron su proceso de Autoevaluaci\u00f3n:<\/p>\n<h3><strong><span style=\"color: #ff0000\">Facultad de Ciencias Agr\u00edcolas y Forestales:<\/span><span style=\"color: #800000\">&#8211;<\/span>&gt;<a href=\"http:\/\/www.uajms.edu.bo\/fcaf\/\">FCAF<\/a><\/strong><\/h3>\n<p><strong><span style=\"color: #003366\">Ingenier\u00eda Agron\u00f3mica<\/span><\/strong><\/p>\n<ul>\n<li>Informe de Autoevaluaci\u00f3n -&gt;<a href=\"http:\/\/www.uajms.edu.bo\/deva\/wp-content\/uploads\/sites\/42\/2019\/10\/INFORME-AUTOEVALUACION-AGRONOMIA.pdf\">INF. AUTOEVALUACION 2017<\/a><\/li>\n<li>Plan de Mejoras-<a href=\"http:\/\/www.uajms.edu.bo\/deva\/wp-content\/uploads\/sites\/42\/2019\/10\/PLAN-DE-MEJORAS-2017-AGRONOMIA.pdf\">PLAN DE MEJORAS 2017<\/a><\/li>\n<\/ul>\n<p><span style=\"color: #000000\"><strong>Re acreditaci\u00f3n:<\/strong><\/span><\/p>\n<ul>\n<li>Informe de Autoevaluaci\u00f3n-&gt;<a href=\"http:\/\/www.uajms.edu.bo\/deva\/wp-content\/uploads\/sites\/42\/2025\/03\/INF.-DE-AUTOEVAL.-Y-PLAN-DE-MEJORAS-2023-ultimo-12-de-junio.pdf\">INF. AUTOEVALUACION Y PLAN DE MEJORAS 2023<\/a><\/li>\n<\/ul>\n<p><strong><span style=\"color: #003366\">Ingenier\u00eda Forestal<\/span><\/strong><\/p>\n<ul>\n<li>Informe de Autoevaluaci\u00f3n -&gt;<a href=\"http:\/\/www.uajms.edu.bo\/deva\/wp-content\/uploads\/sites\/42\/2019\/10\/INFORME-DE-AUTOEVALUACION-FORESTAL.pdf\">INFORME DE AUTOEVALUACION FORESTAL<\/a><\/li>\n<li>Plan de Mejoras-&gt;<a href=\"http:\/\/www.uajms.edu.bo\/deva\/wp-content\/uploads\/sites\/42\/2019\/10\/PLAN_MEJORAS_FORESTAL-22-06-18.pdf\">PLAN_MEJORAS_FORESTAL 22-06-18<\/a><\/li>\n<\/ul>\n<h3><strong><span style=\"color: #800000\"><span style=\"color: #ff0000\">Facultad de Ciencias Econ\u00f3micas y Financieras:<\/span> &#8211;<\/span>&gt;<a href=\"http:\/\/fcef.uajms.edu.bo\/\">FCEF<\/a><\/strong><\/h3>\n<p><strong><span style=\"color: #003366\">Administraci\u00f3n de Empresas<\/span><\/strong><\/p>\n<ul>\n<li>Informe de Autoevaluaci\u00f3n -&gt;<a href=\"http:\/\/www.uajms.edu.bo\/deva\/wp-content\/uploads\/sites\/42\/2019\/10\/INFORM1-1.pdf\">INFORM~1<\/a><\/li>\n<li>Plan de Mejoras-&gt;<a href=\"http:\/\/www.uajms.edu.bo\/deva\/wp-content\/uploads\/sites\/42\/2019\/10\/PLANDE1.pdf\">PLANDE~1<\/a><\/li>\n<\/ul>\n<p><strong><span style=\"color: #003366\">Econom\u00eda<\/span><\/strong><\/p>\n<ul>\n<li>Informe de Autoevaluaci\u00f3n -&gt;<a href=\"http:\/\/www.uajms.edu.bo\/deva\/wp-content\/uploads\/sites\/42\/2019\/10\/INFORM1-2.pdf\">INFORM~1<\/a><\/li>\n<li>Plan de Mejoras-&gt;<a href=\"http:\/\/www.uajms.edu.bo\/deva\/wp-content\/uploads\/sites\/42\/2019\/10\/PLANDE1-1.pdf\">PLANDE~1<\/a><\/li>\n<\/ul>\n<p><strong><span style=\"color: #003366\">Contadur\u00eda P\u00fablica<\/span><\/strong><\/p>\n<ul>\n<li>Informe de Autoevaluaci\u00f3n -&gt;<a href=\"http:\/\/www.uajms.edu.bo\/deva\/wp-content\/uploads\/sites\/42\/2019\/10\/INFORM1-3.pdf\">INFORM~1<\/a><\/li>\n<li>Plan de Mejoras-&gt;<a href=\"http:\/\/www.uajms.edu.bo\/deva\/wp-content\/uploads\/sites\/42\/2019\/10\/PLANDE1-2.pdf\">PLANDE~1<\/a><\/li>\n<\/ul>\n<h3><strong><span style=\"color: #800000\"><span style=\"color: #ff0000\">Facultad de Ciencias Jur\u00eddicas y Pol\u00edticas:<\/span> &#8211;<\/span>&gt;<a href=\"http:\/\/www.uajms.edu.bo\/fcjp\/\">FCJP<\/a><\/strong><\/h3>\n<p><strong><span style=\"color: #003366\">Derecho<\/span><\/strong><\/p>\n<ul>\n<li>Informe de Autoevaluaci\u00f3n -&gt;\u00a0<a href=\"http:\/\/www.uajms.edu.bo\/deva\/wp-content\/uploads\/sites\/42\/2021\/05\/INFORME-DE-AUTOEVALUACION-CARRERA-DE-DERECHO-USJMD.pdf\">IN. AUTOEVALUACION<\/a><\/li>\n<li>Plan de Mejoras-&gt;<a href=\"http:\/\/www.uajms.edu.bo\/deva\/wp-content\/uploads\/sites\/42\/2021\/05\/PLAN-DE-MEJORAS-con-PRESUPUESTO-DERECHO.docx\">PLAN DE MEJORAS<\/a><\/li>\n<\/ul>\n<h3><strong><span style=\"color: #ff0000\">Facultad de Ciencias y Tecnolog\u00eda:<\/span> -&gt;<a href=\"http:\/\/www.uajms.edu.bo\/fcyt\/\">FCYT<\/a><br \/>\n<\/strong><\/h3>\n<p><strong><span style=\"color: #003366\">Ingenier\u00eda Civil<\/span><\/strong><\/p>\n<ul>\n<li>Informe de Autoevaluaci\u00f3n -&gt;<a href=\"http:\/\/www.uajms.edu.bo\/deva\/wp-content\/uploads\/sites\/42\/2019\/10\/AUTOEVALUACION-02.pdf\">AUTOEVALUACION 02<\/a><\/li>\n<li>Plan de Mejoras-&gt;<a href=\"http:\/\/www.uajms.edu.bo\/deva\/wp-content\/uploads\/sites\/42\/2019\/10\/PLAN-MEJORAS.doc.pdf\">PLAN MEJORAS.doc<\/a><\/li>\n<\/ul>\n<p><strong>Proceso de Re acreditaci\u00f3n<\/strong><\/p>\n<ul>\n<li>Informe de Autoevaluaci\u00f3n -&gt;<\/li>\n<li>Plan de Mejoras -&gt;<a href=\"http:\/\/www.uajms.edu.bo\/deva\/wp-content\/uploads\/sites\/42\/2025\/03\/3-PLAN-DE-MEJORAS-2024.pdf\">PLAN DE MEJORAS 2025<\/a><\/li>\n<\/ul>\n<p><strong><span style=\"color: #003366\">Ingenier\u00eda Qu\u00edmica<\/span><\/strong><\/p>\n<ul>\n<li>Informe de Autoevaluaci\u00f3n -&gt;<a href=\"http:\/\/www.uajms.edu.bo\/deva\/wp-content\/uploads\/sites\/42\/2021\/04\/Informe-de-Autoevaluacion-Carrera-de-Ing.-Quimica-Gestion-2017.pdf\">INFORME DE AUTOEVALUACI\u00d2N QUIMICA<\/a><\/li>\n<li>Plan de Mejoras-&gt;<a href=\"http:\/\/www.uajms.edu.bo\/deva\/wp-content\/uploads\/sites\/42\/2019\/10\/Plan-de-Mejoras-Carrera-de-Ing.-Qu\u00edmica-Gesti\u00f3n-2017.pdf\">Plan de Mejoras Carrera de Ing. Qu\u00edmica &#8211; Gesti\u00f3n 2017<\/a><\/li>\n<\/ul>\n<p><strong><span style=\"color: #003366\">Ingenier\u00eda de Alimentos<\/span><\/strong><\/p>\n<ul>\n<li>Informe de Autoevaluaci\u00f3n -&gt;<a href=\"http:\/\/www.uajms.edu.bo\/deva\/wp-content\/uploads\/sites\/42\/2019\/10\/Doc-de-autoevaluaci\u00f3n-de-Ing.-de-Alim.-impreso.pdf\">Doc de autoevaluaci\u00f3n de Ing. de Alim. impreso<\/a><\/li>\n<li>Plan de Mejoras-&gt;<a href=\"http:\/\/www.uajms.edu.bo\/deva\/wp-content\/uploads\/sites\/42\/2019\/10\/Plan-de-mejoras-de-Ing.-de-Alim.-impreso.pdf\">Plan de mejoras, de Ing. de Alim. impreso<\/a><\/li>\n<li>INFORME DE AUTOEVALUACION 2022-<a href=\"http:\/\/www.uajms.edu.bo\/deva\/wp-content\/uploads\/sites\/42\/2024\/02\/1.-INFORME-DE-AUTOEVALUACION.pdf\">INF. AUTOEVALUACION 2022<\/a><\/li>\n<li>PLAN DE MEJORAS 2022-<a href=\"http:\/\/www.uajms.edu.bo\/deva\/wp-content\/uploads\/sites\/42\/2024\/02\/2.-PLAN-DE-MEJORAS.pdf\">PLAN DE MEJORAS 2022<\/a><\/li>\n<\/ul>\n<p><strong><span style=\"color: #003366\">Ingenier\u00eda Inform\u00e1tica<\/span><\/strong><\/p>\n<ul>\n<li>Informe de Autoevaluaci\u00f3n -&gt;<a href=\"http:\/\/www.uajms.edu.bo\/deva\/wp-content\/uploads\/sites\/42\/2019\/10\/INFORME-AUTOEVALUACION-2017-ING-INFORMATICA.pdf\">INFORME AUTOEVALUACION 2017 &#8211; ING INFORMATICA<\/a><\/li>\n<li>Plan de Mejoras-&gt;<a href=\"http:\/\/www.uajms.edu.bo\/deva\/wp-content\/uploads\/sites\/42\/2019\/10\/PLAN-DE-MEJORAS-II-2017.pdf\">PLAN DE MEJORAS II 2017<\/a><\/li>\n<\/ul>\n<h3><strong><span style=\"color: #ff0000\">Facultad de Odontolog\u00eda: <\/span>-&gt;<a href=\"http:\/\/www.uajms.edu.bo\/fod\/\">FOD<\/a><\/strong><\/h3>\n<p><strong><span style=\"color: #003366\">Odontolog\u00eda<\/span><\/strong><\/p>\n<ul>\n<li>Informe de Autoevaluaci\u00f3n -&gt;<a href=\"http:\/\/www.uajms.edu.bo\/deva\/wp-content\/uploads\/sites\/42\/2019\/10\/DCTO.AUTOEVALUACION-ODONT..pdf\">DCTO.AUTOEVALUACION ODONT.<\/a><\/li>\n<li>Plan de Mejoras-&gt;<a href=\"http:\/\/www.uajms.edu.bo\/deva\/wp-content\/uploads\/sites\/42\/2019\/10\/PLAN-MEJORAS-ODONTOLOGIA.pdf\">PLAN MEJORAS ODONTOLOGIA<\/a><\/li>\n<\/ul>\n<p><span style=\"color: #000000\"><strong>Proceso de Re acreditaci\u00f3n\u00a0<\/strong><\/span><\/p>\n<ul>\n<li>Informe de Autoevaluaci\u00f3n-&gt;<a href=\"http:\/\/www.uajms.edu.bo\/deva\/wp-content\/uploads\/sites\/42\/2025\/03\/INFORME-DE-AUTOEVALUACION-10-FEB-2025.pdf\">INF. AUTOEVALUACION 2025<\/a><\/li>\n<li>Plan de Mejoras-&gt;<a href=\"http:\/\/www.uajms.edu.bo\/deva\/wp-content\/uploads\/sites\/42\/2025\/03\/PLAN-DE-MEJORAS-2025.docx\">PLAN DE MEJORAS 2025<\/a><\/li>\n<\/ul>\n<h3><strong><span style=\"color: #ff0000\">Facultad de Medicina:\u00a0<a href=\"https:\/\/www.uajms.edu.bo\/oferta-academica\/carrera-de-medicina\/#\">FM<\/a><\/span><\/strong><\/h3>\n<p><span style=\"color: #003366\"><strong>Medicina<\/strong><\/span><\/p>\n<ul>\n<li>Informe de Autoevaluaci\u00f3n-&gt;<a href=\"http:\/\/www.uajms.edu.bo\/deva\/wp-content\/uploads\/sites\/42\/2025\/03\/INFORME-DE-AUTOEVALUACION-CARRERA-DE-MEDICINA-UAJMS-2025.pdf\">INF. AUTOEVALUACION 2025<\/a><\/li>\n<li>Plan de Mejoras-&gt;<a href=\"http:\/\/www.uajms.edu.bo\/deva\/wp-content\/uploads\/sites\/42\/2025\/03\/PLAN-DE-MEJORAS-AUTOEVALUACION-MEDICINA-2025-1.pdf\">PLAN DE MEJORAS 2025<\/a><\/li>\n<\/ul>\n<h3><strong><span style=\"color: #ff0000\">Facultad de Ciencias Integradas del Gran Chaco:<\/span> <a href=\"http:\/\/www.uajms.edu.bo\/facultad-chaco\/\">FACU<\/a><\/strong><\/h3>\n<p><strong><span style=\"color: #003366\">Ingenier\u00eda Inform\u00e1tica<\/span><\/strong><\/p>\n<ul>\n<li>Informe de Autoevaluaci\u00f3n -&gt;\u00a0<a href=\"http:\/\/www.uajms.edu.bo\/deva\/wp-content\/uploads\/sites\/42\/2021\/01\/INFORME-DE-AUTOEVALUACION_INFORMATICA.pdf\">INF. AUTOEVALUACION<\/a><\/li>\n<li>Plan de Mejoras-&gt;\u00a0\u00a0<a href=\"http:\/\/www.uajms.edu.bo\/deva\/wp-content\/uploads\/sites\/42\/2021\/01\/PLAN-DE-MEJORAS-CARRERA-DE-INFORMATICA.pdf\">PLAN DE MEJORAS<\/a><\/li>\n<\/ul>\n<p><strong><span style=\"color: #003366\">Ingenier\u00eda Agron\u00f3mica\u00a0<\/span><\/strong><\/p>\n<ul>\n<li>Informe de Autoevaluaci\u00f3n -&gt;\u00a0<a href=\"http:\/\/www.uajms.edu.bo\/deva\/wp-content\/uploads\/sites\/42\/2021\/04\/INFORME-AUTOEVALUACION-Ing-Agronomica-LIMPIO-marzo2021-1-4.pdf\">INF. AUTOEVALUACION<\/a><\/li>\n<li>Plan de Mejoras-&gt;<a href=\"http:\/\/www.uajms.edu.bo\/deva\/wp-content\/uploads\/sites\/42\/2021\/04\/INFORME-PLAN-DE-MEJORAS.pdf\">PLAN DE MEJORAS<\/a><\/li>\n<\/ul>\n<h3><strong><span style=\"color: #ff0000\">Facultad de Ciencias Empresariales (Yacuiba):\u00a0<a href=\"https:\/\/www.uajms.edu.bo\/fce\/\">FCE<\/a><\/span><\/strong><\/h3>\n<p><span style=\"color: #003366\"><strong>Contadur\u00eda Publica\u00a0<\/strong><\/span><\/p>\n<ul>\n<li>Informe de Autoevaluaci\u00f3n-&gt;\u00a0<a href=\"https:\/\/drive.google.com\/file\/d\/1DqqjlPzB0YTp2QBQZ4c7RvhIo1w-k71Y\/view?usp=sharing\">INFORME DE AUTOEVALUACION<\/a><\/li>\n<li>Plan de Mejoras-&gt;\u00a0<a href=\"https:\/\/drive.google.com\/file\/d\/1E-x1AHItV7AQbntHS8AClp96RNJq5arv\/view?usp=sharing\">PLAN DE MEJORAS<\/a><\/li>\n<\/ul>\n<p><strong><span style=\"color: #003366\">Administraci\u00f3n y Gesti\u00f3n Publica<\/span><\/strong><\/p>\n<ul>\n<li>Informe de Autoevaluaci\u00f3n-&gt;\u00a0<a href=\"https:\/\/drive.google.com\/file\/d\/1VJAcoRdfOsIbujHbJVvQsrqjo0enopqz\/view?usp=drivesdk\">INF. DE AUTOEVALUACION<\/a><\/li>\n<li>Plan de Mejoras-&gt;\u00a0\u00a0<a href=\"https:\/\/drive.google.com\/file\/d\/1uMzzvN74NQiQTYuKKqdJQLMgGV3VH5Lb\/view?usp=drivesdk\">PLAN DE MEJORAS<\/a><\/li>\n<\/ul>\n<p><span style=\"color: #003366\"><strong>Ingenier\u00eda Comercial\u00a0<\/strong><\/span><\/p>\n<ul>\n<li>Informe de Autoevaluaci\u00f3n-&gt;<a href=\"https:\/\/drive.google.com\/file\/d\/1DOHKoyqitUFXfWiBFGHVy-d7VE6n6_f5\/view?usp=drivesdk\">INF. AUTOEVALUACION<\/a><\/li>\n<li>Plan de Mejoras-&gt;\u00a0<a href=\"https:\/\/drive.google.com\/file\/d\/1Db91hCjEpaoUfiEGSy8F7RjA3-R8HTq_\/view?usp=drivesdk\">PLAN DE MEJORAS<\/a><\/li>\n<\/ul>\n<h3><img fetchpriority=\"high\" decoding=\"async\" class=\"size-medium wp-image-4262 aligncenter\" src=\"http:\/\/www.uajms.edu.bo\/deva\/wp-content\/uploads\/sites\/42\/2018\/08\/^81D433AC7C4F0533D47F8911F268F469AC0A1DCF85B32F85D0^pimgpsh_fullsize_distr-300x200.jpg\" alt=\"\" width=\"300\" height=\"200\" srcset=\"https:\/\/www.uajms.edu.bo\/deva\/wp-content\/uploads\/sites\/42\/2018\/08\/^81D433AC7C4F0533D47F8911F268F469AC0A1DCF85B32F85D0^pimgpsh_fullsize_distr-300x200.jpg 300w, https:\/\/www.uajms.edu.bo\/deva\/wp-content\/uploads\/sites\/42\/2018\/08\/^81D433AC7C4F0533D47F8911F268F469AC0A1DCF85B32F85D0^pimgpsh_fullsize_distr-768x512.jpg 768w, https:\/\/www.uajms.edu.bo\/deva\/wp-content\/uploads\/sites\/42\/2018\/08\/^81D433AC7C4F0533D47F8911F268F469AC0A1DCF85B32F85D0^pimgpsh_fullsize_distr-1024x683.jpg 1024w, https:\/\/www.uajms.edu.bo\/deva\/wp-content\/uploads\/sites\/42\/2018\/08\/^81D433AC7C4F0533D47F8911F268F469AC0A1DCF85B32F85D0^pimgpsh_fullsize_distr-272x182.jpg 272w, https:\/\/www.uajms.edu.bo\/deva\/wp-content\/uploads\/sites\/42\/2018\/08\/^81D433AC7C4F0533D47F8911F268F469AC0A1DCF85B32F85D0^pimgpsh_fullsize_distr.jpg 1200w\" sizes=\"(max-width: 300px) 100vw, 300px\" \/><\/h3>\n<p style=\"text-align: center\"><em><strong>\u00abGESTIONAMOS LA CALIDAD ACADEMICA CON ETICA Y RESPONSABILIDAD SOCIAL\u00bb<\/strong><\/em><\/p>\n","protected":false},"excerpt":{"rendered":"<p>La Direcci\u00f3n de Evaluaci\u00f3n y Acreditaci\u00f3n en cumplimiento de sus objetivos, bajo la premisa de incentivar e impulsar la cultura de Evaluaci\u00f3n dentro de las carreras de la Universidad y [&hellip;]<\/p>\n","protected":false},"author":11,"featured_media":4257,"parent":0,"menu_order":0,"comment_status":"closed","ping_status":"closed","template":"","meta":{"_joinchat":[],"footnotes":""},"class_list":["post-4256","page","type-page","status-publish","has-post-thumbnail","hentry"],"jetpack_sharing_enabled":true,"publishpress_future_action":{"enabled":false,"date":"2026-04-21 07:08:55","action":"change-status","newStatus":"draft","terms":[],"taxonomy":"","extraData":[]},"publishpress_future_workflow_manual_trigger":{"enabledWorkflows":[]},"_links":{"self":[{"href":"https:\/\/www.uajms.edu.bo\/deva\/wp-json\/wp\/v2\/pages\/4256","targetHints":{"allow":["GET"]}}],"collection":[{"href":"https:\/\/www.uajms.edu.bo\/deva\/wp-json\/wp\/v2\/pages"}],"about":[{"href":"https:\/\/www.uajms.edu.bo\/deva\/wp-json\/wp\/v2\/types\/page"}],"author":[{"embeddable":true,"href":"https:\/\/www.uajms.edu.bo\/deva\/wp-json\/wp\/v2\/users\/11"}],"replies":[{"embeddable":true,"href":"https:\/\/www.uajms.edu.bo\/deva\/wp-json\/wp\/v2\/comments?post=4256"}],"version-history":[{"count":5,"href":"https:\/\/www.uajms.edu.bo\/deva\/wp-json\/wp\/v2\/pages\/4256\/revisions"}],"predecessor-version":[{"id":5123,"href":"https:\/\/www.uajms.edu.bo\/deva\/wp-json\/wp\/v2\/pages\/4256\/revisions\/5123"}],"wp:featuredmedia":[{"embeddable":true,"href":"https:\/\/www.uajms.edu.bo\/deva\/wp-json\/wp\/v2\/media\/4257"}],"wp:attachment":[{"href":"https:\/\/www.uajms.edu.bo\/deva\/wp-json\/wp\/v2\/media?parent=4256"}],"curies":[{"name":"wp","href":"https:\/\/api.w.org\/{rel}","templated":true}]}}