

{"id":3999,"date":"2018-05-07T20:20:29","date_gmt":"2018-05-07T20:20:29","guid":{"rendered":"http:\/\/www.uajms.edu.bo\/deva\/?page_id=3999"},"modified":"2018-05-07T20:20:29","modified_gmt":"2018-05-07T20:20:29","slug":"objetivos","status":"publish","type":"page","link":"https:\/\/www.uajms.edu.bo\/deva\/objetivos\/","title":{"rendered":"Objetivos"},"content":{"rendered":"<p><strong>OBJETIVOS:<\/strong><\/p>\n<p><strong>GENERAL<\/strong><\/p>\n<p>Viabilizar la realizaci\u00f3n de los procesos de evaluaci\u00f3n institucional y de Carreras con la finalidad de contribuir al mejoramiento de la calidad acad\u00e9mica de la educaci\u00f3n superior en la UAJMS.<\/p>\n<p><strong>ESPECIFICOS<\/strong><\/p>\n<ul>\n<li>Coordinar y asesorar el desarrollo de procesos de autoevaluaci\u00f3n institucional y de carreras.<\/li>\n<li>Actuar como interlocutor v\u00e1lido entre la UAJMS, la Comisi\u00f3n de Autoevaluaci\u00f3n, entre esta y la Comisi\u00f3n de Evaluaci\u00f3n Externa en aspectos t\u00e9cnicos y metodol\u00f3gicos del proceso.<\/li>\n<li>Elaborar los planes de mejoramiento que se derivan de los resultados de la autoevaluaci\u00f3n, con la participaci\u00f3n de las comisiones de autoevaluaci\u00f3n y los actores de la unidad evaluada.<\/li>\n<li>Articular los objetivos y acciones de los planes de mejora incluy\u00e9ndolos en el Plan Estrat\u00e9gico de Desarrollo Institucional como as\u00ed tambi\u00e9n en los planes operativos.<\/li>\n<li>Desarrollar procesos de autoevaluaci\u00f3n en las diferentes Carreras de la UAJMS con el prop\u00f3sito de mejorar la calidad y pertinencia\u00a0 social de los servicios que presta a la comunidad y lograr su acreditaci\u00f3n de aquellas carreras que cumplan con criterios m\u00ednimos de calidad exigidos.<\/li>\n<li>Proporcionar informaci\u00f3n \u00fatil para la planificaci\u00f3n estrat\u00e9gica en los diferentes niveles de la UAJMS.<\/li>\n<li>Implementar un sistema de autoevaluaci\u00f3n, evaluaci\u00f3n externa y acreditaci\u00f3n de acuerdo a los criterios comunes que emergen de las tendencias contempor\u00e1neas de evaluaci\u00f3n de la educaci\u00f3n superior.<\/li>\n<li>Realizar seguimiento y monitoreo en las carreras evaluadas a partir de los planes de mejora que se elaboran como consecuencia de los procesos de evaluaci\u00f3n para garantizar el mejoramiento continuo de la calidad.<\/li>\n<\/ul>\n","protected":false},"excerpt":{"rendered":"<p>OBJETIVOS: GENERAL Viabilizar la realizaci\u00f3n de los procesos de evaluaci\u00f3n institucional y de Carreras con la finalidad de contribuir al mejoramiento de la calidad acad\u00e9mica de la educaci\u00f3n superior en [&hellip;]<\/p>\n","protected":false},"author":11,"featured_media":0,"parent":0,"menu_order":0,"comment_status":"closed","ping_status":"closed","template":"","meta":{"_joinchat":[],"footnotes":""},"class_list":["post-3999","page","type-page","status-publish","hentry"],"jetpack_sharing_enabled":true,"publishpress_future_action":{"enabled":false,"date":"2026-04-21 07:08:55","action":"change-status","newStatus":"draft","terms":[],"taxonomy":"","extraData":[]},"publishpress_future_workflow_manual_trigger":{"enabledWorkflows":[]},"_links":{"self":[{"href":"https:\/\/www.uajms.edu.bo\/deva\/wp-json\/wp\/v2\/pages\/3999","targetHints":{"allow":["GET"]}}],"collection":[{"href":"https:\/\/www.uajms.edu.bo\/deva\/wp-json\/wp\/v2\/pages"}],"about":[{"href":"https:\/\/www.uajms.edu.bo\/deva\/wp-json\/wp\/v2\/types\/page"}],"author":[{"embeddable":true,"href":"https:\/\/www.uajms.edu.bo\/deva\/wp-json\/wp\/v2\/users\/11"}],"replies":[{"embeddable":true,"href":"https:\/\/www.uajms.edu.bo\/deva\/wp-json\/wp\/v2\/comments?post=3999"}],"version-history":[{"count":1,"href":"https:\/\/www.uajms.edu.bo\/deva\/wp-json\/wp\/v2\/pages\/3999\/revisions"}],"predecessor-version":[{"id":4000,"href":"https:\/\/www.uajms.edu.bo\/deva\/wp-json\/wp\/v2\/pages\/3999\/revisions\/4000"}],"wp:attachment":[{"href":"https:\/\/www.uajms.edu.bo\/deva\/wp-json\/wp\/v2\/media?parent=3999"}],"curies":[{"name":"wp","href":"https:\/\/api.w.org\/{rel}","templated":true}]}}