

{"id":3993,"date":"2018-05-07T20:17:08","date_gmt":"2018-05-07T20:17:08","guid":{"rendered":"http:\/\/www.uajms.edu.bo\/deva\/?page_id=3993"},"modified":"2018-05-07T20:17:08","modified_gmt":"2018-05-07T20:17:08","slug":"resena-historica","status":"publish","type":"page","link":"https:\/\/www.uajms.edu.bo\/deva\/resena-historica\/","title":{"rendered":"Rese\u00f1a Hist\u00f3rica"},"content":{"rendered":"<p><strong>RESE\u00d1A HISTORICA<\/strong><\/p>\n<p>El VII Congreso Nacional de Universidades dentro del proceso de reforma universitaria reconoce como uno de los elementos operadores de dicha reforme, los proceso de Evaluaci\u00f3n y Acreditaci\u00f3n y recomienda su implementaci\u00f3n en el sistema universitario.<\/p>\n<p>La universidad Aut\u00f3noma Juan Misael Saracho mediante resoluci\u00f3n del H. Consejo Universitario 28\/97, resuelve crear e implementar la Direcci\u00f3n de Evaluaci\u00f3n y Acreditaci\u00f3n misma, que atendiendo a l nueva estructura jer\u00e1rquica implementad en la Universidad Juan Misael Saracho pasa a ser Departamento de Evaluaci\u00f3n y Acreditaci\u00f3n (DEVA) dependiente de la Secretaria de Desarrollo Institucional. El DEVA se rige en cuanto a su organizaci\u00f3n y funcionamiento de conformidad a lo establecido en su primer reglamento del Departamento de Evaluaci\u00f3n y Acreditaci\u00f3n (DEVA) aprobado mediante R.H.C.U. 59\/98 de fecha 30 de junio de 1998.<\/p>\n<p>El Departamento de Evaluaci\u00f3n y Acreditaci\u00f3n; se consolida como una unidad de soporte fundamental a la gesti\u00f3n universitaria, busca un mejoramiento continuo de la calidad y pertinencia social del quehacer universitario en la UAJMS.<\/p>\n","protected":false},"excerpt":{"rendered":"<p>RESE\u00d1A HISTORICA El VII Congreso Nacional de Universidades dentro del proceso de reforma universitaria reconoce como uno de los elementos operadores de dicha reforme, los proceso de Evaluaci\u00f3n y Acreditaci\u00f3n [&hellip;]<\/p>\n","protected":false},"author":11,"featured_media":0,"parent":0,"menu_order":0,"comment_status":"closed","ping_status":"closed","template":"","meta":{"_joinchat":[],"footnotes":""},"class_list":["post-3993","page","type-page","status-publish","hentry"],"jetpack_sharing_enabled":true,"publishpress_future_action":{"enabled":false,"date":"2026-05-05 01:07:54","action":"change-status","newStatus":"draft","terms":[],"taxonomy":"","extraData":[]},"publishpress_future_workflow_manual_trigger":{"enabledWorkflows":[]},"_links":{"self":[{"href":"https:\/\/www.uajms.edu.bo\/deva\/wp-json\/wp\/v2\/pages\/3993","targetHints":{"allow":["GET"]}}],"collection":[{"href":"https:\/\/www.uajms.edu.bo\/deva\/wp-json\/wp\/v2\/pages"}],"about":[{"href":"https:\/\/www.uajms.edu.bo\/deva\/wp-json\/wp\/v2\/types\/page"}],"author":[{"embeddable":true,"href":"https:\/\/www.uajms.edu.bo\/deva\/wp-json\/wp\/v2\/users\/11"}],"replies":[{"embeddable":true,"href":"https:\/\/www.uajms.edu.bo\/deva\/wp-json\/wp\/v2\/comments?post=3993"}],"version-history":[{"count":1,"href":"https:\/\/www.uajms.edu.bo\/deva\/wp-json\/wp\/v2\/pages\/3993\/revisions"}],"predecessor-version":[{"id":3994,"href":"https:\/\/www.uajms.edu.bo\/deva\/wp-json\/wp\/v2\/pages\/3993\/revisions\/3994"}],"wp:attachment":[{"href":"https:\/\/www.uajms.edu.bo\/deva\/wp-json\/wp\/v2\/media?parent=3993"}],"curies":[{"name":"wp","href":"https:\/\/api.w.org\/{rel}","templated":true}]}}