{"id":157,"date":"2025-05-08T05:53:29","date_gmt":"2025-05-08T03:53:29","guid":{"rendered":"https:\/\/www.uajms.edu.bo\/ctics25\/?page_id=157"},"modified":"2025-05-19T22:51:57","modified_gmt":"2025-05-19T20:51:57","slug":"expositores","status":"publish","type":"page","link":"https:\/\/www.uajms.edu.bo\/ctics25\/?page_id=157","title":{"rendered":"Expositores"},"content":{"rendered":"\n<p class=\"has-text-align-center has-kubio-color-6-color has-text-color has-link-color has-xx-large-font-size wp-elements-1fd3aa44edfd5b1751eb531b7ef6298a\"><strong>Ph. D. Esteban Saavedra L\u00f3pez<\/strong><\/p>\n\n\n\n<div class=\"wp-block-media-text alignfull is-stacked-on-mobile is-vertically-aligned-top\"><figure class=\"wp-block-media-text__media\"><img loading=\"lazy\" decoding=\"async\" width=\"353\" height=\"474\" src=\"https:\/\/www.uajms.edu.bo\/ctics25\/wp-content\/uploads\/2025\/05\/Saavedra.jpg\" alt=\"\" class=\"wp-image-193 size-full\"\/><\/figure><div class=\"wp-block-media-text__content\">\n<p><strong>Resumen profesional:<\/strong><\/p>\n\n\n\n<ul class=\"wp-block-list\">\n<li>De profesi\u00f3n Ingeniero de Sistemas e Ingeniero en Telecomunicaciones, Mag\u00edster en Ingenier\u00eda de Software y Administraci\u00f3n de Centros Inform\u00e1ticos, Mag\u00edster en Administraci\u00f3n de Empresas, adicionalmente cuenta con una serie de especializaciones y cursos de postgrados realizados en Europa.<\/li>\n\n\n\n<li>PhD en Tecnolog\u00edas de la Informaci\u00f3n y Telecomunicaciones, investigador senior miembro de la sociedad cient\u00edfica europea, docente de postgrado y miembro de varios comit\u00e9s acad\u00e9micos a nivel internacional.<\/li>\n\n\n\n<li>El 2006 gan\u00f3 el primer lugar en el concurso mundial de investigaci\u00f3n de \u201cTICs over Society\u201d, organizado por la Universidad de Cambridge.<\/li>\n\n\n\n<li>Cuenta con una amplia experiencia como expositor en eventos de ciencias de la computaci\u00f3n, seguridad inform\u00e1tica, telecomunicaciones y software libre.<\/li>\n\n\n\n<li>Presidente de la Fundaci\u00f3n AtixLibre y director de la Revista de Tecnolog\u00edas Libres ATIX<\/li>\n\n\n\n<li>Activista y miembro consejero de la Free Software Fundation.<\/li>\n\n\n\n<li>Profesionalmente ejerci\u00f3 como Gerente de Tecnolog\u00eda y Gerente de Sistemas de prestigiosas empresas p\u00fablicas y privadas a nivel nacional, entre las que destacan: Director Nacional de<br>Tecnolog\u00edas de la Informaci\u00f3n de YPFB Corporaci\u00f3n, Gerente de Proyectos de la cooperaci\u00f3n del Reino de Paises Bajos, Gerente de Proyectos de Tecnolog\u00edas de las Informaci\u00f3n de Deal Financial Group, Gerente de Sistemas de RBG entre otras.<\/li>\n\n\n\n<li>Consultor senior y Asesor de Tecnolog\u00edas de Informaci\u00f3n en Gobierno.<\/li>\n<\/ul>\n<\/div><\/div>\n\n\n\n<p class=\"has-text-align-center has-kubio-color-6-color has-text-color has-link-color has-xx-large-font-size wp-elements-2e9391ddcf10235e1623fb752d35206c\"><strong>M. Sc. <strong>Miguel Antonio Sorich Rojas<\/strong><\/strong><\/p>\n\n\n\n<div class=\"wp-block-media-text alignfull is-stacked-on-mobile is-vertically-aligned-top\"><figure class=\"wp-block-media-text__media\"><img loading=\"lazy\" decoding=\"async\" width=\"1280\" height=\"960\" src=\"https:\/\/www.uajms.edu.bo\/ctics25\/wp-content\/uploads\/2025\/05\/sorich.jpg\" alt=\"\" class=\"wp-image-196 size-full\"\/><\/figure><div class=\"wp-block-media-text__content\">\n<p><strong>Resumen profesional:<\/strong><\/p>\n\n\n\n<ul class=\"wp-block-list\">\n<li><strong>Docente Universitario, Especialista En Inteligencia Artificial Aplicada al Sector Educaci\u00f3n.<\/strong><\/li>\n\n\n\n<li><strong>Doctor Honoris Causa, <\/strong>por la Fundaci\u00f3n Marcelino Mu\u00f1oz, Monterrey &#8211; M\u00e9xico.<\/li>\n\n\n\n<li><strong>Contador P\u00fablico Autorizado, <\/strong>graduado por excelencia por la Universidad Aut\u00f3noma \u201cGabriel Ren\u00e9 Moreno\u201d, Santa Cruz- Bolivia.<\/li>\n\n\n\n<li><strong>M\u00e1ster en Finanzas y Direcci\u00f3n Financiera &#8211; <\/strong>Universidad del Pa\u00eds Vasco Bilbao \u2013 Espa\u00f1a.<\/li>\n\n\n\n<li><strong>M\u00e1ster en Finanzas Corporativas &#8211; <\/strong>Universidad Aut\u00f3noma \u201cGabriel Ren\u00e9 Moreno\u201d, Santa Cruz-Bolivia.<\/li>\n\n\n\n<li><strong>Diplomado en Educaci\u00f3n Superior &#8211; <\/strong>Universidad Aut\u00f3noma \u201cGabriel Ren\u00e9 Moreno\u201d, Santa Cruz-Bolivia.<\/li>\n\n\n\n<li><strong>Diplomado en Habilidades Gerenciales y COACHING <\/strong>\u2013 Universidad Privada de Santa Cruz, Santa Cruz-Bolivia.<\/li>\n\n\n\n<li><strong>Diplomado en Educaci\u00f3n Superior y Entornos Virtuales <\/strong>&#8211; Universidad Aut\u00f3noma \u201cGabriel Ren\u00e9 Moreno\u201d, Santa Cruz-Bolivia.<\/li>\n\n\n\n<li><strong>Diplomado en Inteligencia Artificial e Innovaci\u00f3n Profesional <\/strong>\u2013 Universidad Nacional Siglo XX, Potos\u00ed &#8211; Bolivia.<\/li>\n\n\n\n<li>Certificaci\u00f3n Internacional Google Educator N1<\/li>\n\n\n\n<li>Certificaci\u00f3n en Inteligencia Artificial para Educadores &#8211; Universidad del Liderazgo Integral \u2013 M\u00e9xico.<\/li>\n\n\n\n<li>Certificaci\u00f3n en Inteligencia artificial para transformar la Educaci\u00f3n \u2013 Universidad UCATEX \u2013 Bolivia.<\/li>\n\n\n\n<li><strong>Profesor Titular \u201cB\u201d- <\/strong>Universidad Aut\u00f3noma Gabriel Ren\u00e9 Moreno, Santa Cruz-Bolivia, desde 2011.<\/li>\n\n\n\n<li><strong>Presidente<\/strong> de la Confederaci\u00f3n Nacional de Profesionales de Bolivia 2022-2024.<\/li>\n\n\n\n<li><strong>Past<\/strong> <strong>Presidente <\/strong>del Colegio de Auditores o Contadores P\u00fablicos de Santa Cruz 2019-2023.<\/li>\n\n\n\n<li><strong>Presidente de la <\/strong>Federaci\u00f3n de Profesionales de Santa Cruz 2025-2027.<\/li>\n\n\n\n<li><strong>Ex Secretario Departamental de Hacienda<\/strong> del Gobierno Aut\u00f3nomo Departamental de Santa Cruz.<\/li>\n\n\n\n<li><strong>SOCIO-INVERSIONISTA<\/strong> &#8211; CONDOMINIOS HUB<\/li>\n\n\n\n<li><strong>SOCIO CONSULTORA FINABOL S.R.L.<\/strong>.<\/li>\n<\/ul>\n<\/div><\/div>\n\n\n\n<p class=\"has-text-align-center has-kubio-color-6-color has-text-color has-link-color has-xx-large-font-size wp-elements-0c2cfe4fdd5e414b9472ec79b5914185\"><strong>Oscar Gauss Carvajal Yucra<\/strong><\/p>\n\n\n\n<div class=\"wp-block-media-text alignfull is-stacked-on-mobile is-vertically-aligned-top\"><figure class=\"wp-block-media-text__media\"><img loading=\"lazy\" decoding=\"async\" width=\"977\" height=\"977\" src=\"https:\/\/www.uajms.edu.bo\/ctics25\/wp-content\/uploads\/2025\/05\/Gauss.jpg\" alt=\"\" class=\"wp-image-190 size-full\"\/><\/figure><div class=\"wp-block-media-text__content\">\n<p><strong>Resumen profesional:<\/strong><\/p>\n\n\n\n<p>Desarrollador Full Stack con m\u00e1s de 6 a\u00f1os de experiencia en tecnolog\u00edas web como React, Node.js, TypeScript, Vue y AWS. Especial inter\u00e9s en programaci\u00f3n competitiva y formaci\u00f3n de nuevos talentos a trav\u00e9s de la Olimpiada Boliviana de Inform\u00e1tica y el ICPC.<\/p>\n\n\n\n<p><strong>Logros en Programaci\u00f3n Competitiva:<\/strong><\/p>\n\n\n\n<ul class=\"wp-block-list\">\n<li>Competidor activo <strong>del 2013 al 2017<\/strong> en concursos nacionales e internacionales.<\/li>\n\n\n\n<li><strong>1er lugar nacional ICPC Bolivia \u2013 2015<\/strong>, ACM-ICPC South America\/South.<\/li>\n\n\n\n<li><strong>1er lugar nacional \u2013 2017<\/strong>, Competencia Nacional ACM-ICPC Bolivia.<\/li>\n\n\n\n<li><strong>1er lugar \u2013 2016<\/strong>, Hackathon de Machine Learning C3 Mojix, CodeRoad.<\/li>\n\n\n\n<li>Menci\u00f3n honor\u00edfica en <strong>ICPC South America\/South Finals 2013-2014<\/strong>.<\/li>\n\n\n\n<li><strong>2do lugar \u2013 2017<\/strong>, ICPC South America\/South Finals, Sucre.<\/li>\n\n\n\n<li><strong>Coach ICPC Bolivia desde 2018 hasta la fecha<\/strong> (entrenando delegaciones).<\/li>\n\n\n\n<li><strong>Jurado y redactor de problemas<\/strong> en la Olimpiada Boliviana de Inform\u00e1tica desde 2019.<\/li>\n\n\n\n<li><strong>Subjefe de delegaci\u00f3n IOI 2023 (Hungr\u00eda)<\/strong> y <strong>host IOI 2024 (Egipto)<\/strong>.<\/li>\n\n\n\n<li><strong>Miembro del Comit\u00e9 Cient\u00edfico Internacional IOI 2025 (La Paz, Bolivia)<\/strong>.<\/li>\n\n\n\n<li><strong>Autor del libro<\/strong> <em>\u201cIntroducci\u00f3n en C++ a la Programaci\u00f3n Competitiva\u201d<\/em> (2015).<\/li>\n<\/ul>\n\n\n\n<p><strong>Experiencia Relevante:<\/strong><\/p>\n\n\n\n<ul class=\"wp-block-list\">\n<li>Fundador y CEO de <strong>Juki Judge<\/strong>, plataforma de entrenamiento competitivo online.<\/li>\n\n\n\n<li>Docente auxiliar en la UMSA en materias como <strong>Estructuras de Datos<\/strong>, <strong>Algoritmos<\/strong>, <strong>Programaci\u00f3n y Talleres ICPC<\/strong> (2015\u20132020).<\/li>\n\n\n\n<li>Desarrollador Fullstack con m\u00e1s de 6 a\u00f1os de experiencia profesional en empresas como BMSC, OPS, Zebra Motionworks\u00ae, Transcepta y IDocket.<\/li>\n<\/ul>\n\n\n\n<p><strong>Educaci\u00f3n:<\/strong><\/p>\n\n\n\n<ul class=\"wp-block-list\">\n<li>Licenciatura en Matem\u00e1ticas \u2013 UMSA (en curso)<\/li>\n\n\n\n<li>Licenciatura en Inform\u00e1tica \u2013 UMSA (2023)<\/li>\n<\/ul>\n<\/div><\/div>\n\n\n\n<p class=\"has-text-align-center has-kubio-color-6-color has-text-color has-link-color has-xx-large-font-size wp-elements-372058e5200bcc0d8abf86164ed8ad77\"><strong>Ph. D. Omar Amilkar Choque Gonzales<\/strong><\/p>\n\n\n\n<div class=\"wp-block-media-text alignfull is-stacked-on-mobile is-vertically-aligned-top\"><figure class=\"wp-block-media-text__media\"><img loading=\"lazy\" decoding=\"async\" width=\"1179\" height=\"1600\" src=\"https:\/\/www.uajms.edu.bo\/ctics25\/wp-content\/uploads\/2025\/05\/omar.jpg\" alt=\"\" class=\"wp-image-198 size-full\"\/><\/figure><div class=\"wp-block-media-text__content\">\n<p><strong>Resumen profesional:<\/strong><\/p>\n\n\n\n<ul class=\"wp-block-list\">\n<li>Docente de grado y posgrado, con experiencia profesional en las \u00e1reas de inform\u00e1tica, educaci\u00f3n y direcci\u00f3n estrat\u00e9gica. <\/li>\n\n\n\n<li>Fue parte del Doctorado en TIC por la Universidad de Granada-Espa\u00f1a.<\/li>\n\n\n\n<li>M\u00e1ster en desarrollo de software UGR.<\/li>\n\n\n\n<li>M\u00e1ster en Ingenier\u00eda Inform\u00e1tica UAJMS.<\/li>\n\n\n\n<li>Master en Educaci\u00f3n Superior UAJMS.<\/li>\n\n\n\n<li>M\u00e1ster en Marketing Estrat\u00e9gico UCB. <\/li>\n\n\n\n<li>Tutor y director en diversos proyectos de consultor\u00eda en instituciones p\u00fablicos y privados. <\/li>\n\n\n\n<li>Editor de la revista cient\u00edfica de la facultad de ciencias integradas del Gran Chaco \u2013 UAJMS.<\/li>\n<\/ul>\n<\/div><\/div>\n\n\n\n<p class=\"has-text-align-center has-kubio-color-6-color has-text-color has-link-color has-xx-large-font-size wp-elements-cd31f9bfaee34d4c92ee7a192ea8d082\"><strong>M. Sc. Deysi Beatriz Arancibia M\u00e1rquez<\/strong><\/p>\n\n\n\n<div class=\"wp-block-media-text alignfull is-stacked-on-mobile is-vertically-aligned-top\"><figure class=\"wp-block-media-text__media\"><img loading=\"lazy\" decoding=\"async\" width=\"256\" height=\"326\" src=\"https:\/\/www.uajms.edu.bo\/ctics25\/wp-content\/uploads\/2025\/05\/DEysi.jpg\" alt=\"\" class=\"wp-image-213 size-full\"\/><\/figure><div class=\"wp-block-media-text__content\">\n<p><strong>Resumen profesional:<\/strong><\/p>\n\n\n\n<ul class=\"wp-block-list\">\n<li>Licenciado en Inform\u00e1tica<\/li>\n\n\n\n<li>Master en Educaci\u00f3n Superior<\/li>\n\n\n\n<li>Master en Ingenier\u00eda Inform\u00e1tica<\/li>\n\n\n\n<li>Especialista en Docencia Universitaria e Investigaci\u00f3n Educativa<\/li>\n\n\n\n<li>Diplomado en Investigaci\u00f3n Educativa y Curr\u00edculo Universitario<\/li>\n\n\n\n<li>Directora de Unidad Acad\u00e9mica UNADA \u2013 FCYT \u2013 UAJMS<\/li>\n\n\n\n<li>Directora del Departamento de Inform\u00e1tica y Sistemas \u2013UAJMS<\/li>\n\n\n\n<li>Directora a.i. Carrera de Ing. Inform\u00e1tica.<\/li>\n<\/ul>\n<\/div><\/div>\n\n\n\n<p class=\"has-text-align-center has-kubio-color-6-color has-text-color has-link-color has-xx-large-font-size wp-elements-1b7eff47aabb182b77de39e9824a59a9\"><strong>H\u00e9ctor Jaramillo Lozano<\/strong><\/p>\n\n\n\n<div class=\"wp-block-media-text alignfull is-stacked-on-mobile is-vertically-aligned-top\"><figure class=\"wp-block-media-text__media\"><img loading=\"lazy\" decoding=\"async\" width=\"257\" height=\"286\" src=\"https:\/\/www.uajms.edu.bo\/ctics25\/wp-content\/uploads\/2025\/05\/Hector.jpg\" alt=\"\" class=\"wp-image-211 size-full\"\/><\/figure><div class=\"wp-block-media-text__content\">\n<p><strong>Resumen profesional:<\/strong><\/p>\n\n\n\n<ul class=\"wp-block-list\">\n<li>Ingeniero Inform\u00e1tico con 19 a\u00f1os de experiencia en an\u00e1lisis, dise\u00f1o y desarrollo de sistemas inform\u00e1ticos.<\/li>\n\n\n\n<li>Especializado en soluciones tecnol\u00f3gicas para entidades educativas y organizaciones sin fines de lucro, con enfoque en software de gesti\u00f3n, seguimiento y plataformas educativas virtuales.<\/li>\n\n\n\n<li>Consultor Programador Inform\u00e1tico | Fundaci\u00f3n FAUTAPO | 2014-2022<\/li>\n\n\n\n<li>Desarrollo de sistemas de control de personal (HELENA), gesti\u00f3n de proyectos y seguimiento (ALEJANDRO) y seguimiento (APROD)<\/li>\n\n\n\n<li>Implementaci\u00f3n de plataformas educativas Moodle y Classroom<\/li>\n\n\n\n<li>Desarrollo web y sistemas de monitoreo para programas sociales<\/li>\n\n\n\n<li>Analista Programador | Servicios de Ingenier\u00eda de la Nueva Era Tecnol\u00f3gica SRL | 2007-2013<\/li>\n\n\n\n<li>Desarrollo del Sistema de Seguimiento de Graduados para UAJMS<\/li>\n\n\n\n<li>Implementaci\u00f3n de sistemas de facturaci\u00f3n y gesti\u00f3n comercial<\/li>\n\n\n\n<li>Consultor\u00eda en soluciones inform\u00e1ticas para radiodifusoras y empresas<\/li>\n<\/ul>\n<\/div><\/div>\n\n\n\n<p class=\"has-text-align-center has-kubio-color-6-color has-text-color has-link-color has-xx-large-font-size wp-elements-def9abec44b191c23385dd31b481c3e9\"><strong>M. Sc. Ronald Yeber Cruz Delgado<\/strong><\/p>\n\n\n\n<div class=\"wp-block-media-text alignfull is-stacked-on-mobile is-vertically-aligned-top\"><figure class=\"wp-block-media-text__media\"><img loading=\"lazy\" decoding=\"async\" width=\"254\" height=\"254\" src=\"https:\/\/www.uajms.edu.bo\/ctics25\/wp-content\/uploads\/2025\/05\/ROnal.jpg\" alt=\"\" class=\"wp-image-212 size-full\"\/><\/figure><div class=\"wp-block-media-text__content\">\n<p><strong>Resumen profesional:<\/strong><\/p>\n\n\n\n<ul class=\"wp-block-list\">\n<li>Maestr\u00eda en varias \u00e1reas.<\/li>\n\n\n\n<li><strong>E<\/strong>specialista en Seguridad Inform\u00e1tica Redes y Tecnolog\u00edas de la Informaci\u00f3n.<\/li>\n\n\n\n<li>Diplomado en SIG (Sistemas de Informaci\u00f3n Geogr\u00e1fica).<\/li>\n\n\n\n<li>Diplomado en Hacking \u00c9tico y Seguridad Inform\u00e1ticaparticipo de varias comunidades Flisol, Yacuiba Libre, Hackmeeting, ICPC y otras.<\/li>\n<\/ul>\n<\/div><\/div>\n\n\n\n<p class=\"has-text-align-center has-kubio-color-6-color has-text-color has-link-color has-xx-large-font-size wp-elements-83818c26f2ccc687ca8fa7be05b1607d\"><strong>Pablo Nicol\u00e1s Diaz<\/strong><\/p>\n\n\n\n<div class=\"wp-block-media-text alignfull is-stacked-on-mobile is-vertically-aligned-top\"><figure class=\"wp-block-media-text__media\"><img loading=\"lazy\" decoding=\"async\" width=\"936\" height=\"1353\" src=\"https:\/\/www.uajms.edu.bo\/ctics25\/wp-content\/uploads\/2025\/05\/diaz.jpg\" alt=\"\" class=\"wp-image-201 size-full\"\/><\/figure><div class=\"wp-block-media-text__content\">\n<p><strong>Resumen profesional:<\/strong><\/p>\n\n\n\n<ul class=\"wp-block-list\">\n<li>COSAySA &#8211; Aguas del Norte. Programador en Aguas del Norte.<\/li>\n\n\n\n<li>Profesor en Instituto Superior del Milagro.<\/li>\n\n\n\n<li>Centro de C\u00f3mputos, U.N.S.a. Contrato de Locaci\u00f3n de Servicios en la<\/li>\n\n\n\n<li>Direcci\u00f3n General del Centro de C\u00f3mputos de la Universidad Nacional de Salta, Argentina.<\/li>\n\n\n\n<li>Centro de C\u00f3mputos, U.N.S.a. Becario de Formaci\u00f3n en la Direcci\u00f3n General del Centro de C\u00f3mputos de la Universidad Nacional de Salta, Argentina.<\/li>\n\n\n\n<li>Tesista de la Licenciatura en An\u00e1lisis de Sistemas, Universidad Nacional de Salta, Argentina<\/li>\n\n\n\n<li>T\u00e9cnico Universitario en Programaci\u00f3n, Universidad Nacional de Salta, Argentina<\/li>\n<\/ul>\n<\/div><\/div>\n\n\n\n<p class=\"has-text-align-center has-kubio-color-6-color has-text-color has-link-color has-xx-large-font-size wp-elements-e1808319f08aaf273edc81738311b539\"><strong>Franco Nicol\u00e1s <strong>Alan\u00eds Magne <\/strong><\/strong><\/p>\n\n\n\n<div class=\"wp-block-media-text alignfull is-stacked-on-mobile is-vertically-aligned-top\"><figure class=\"wp-block-media-text__media\"><img loading=\"lazy\" decoding=\"async\" width=\"561\" height=\"815\" src=\"https:\/\/www.uajms.edu.bo\/ctics25\/wp-content\/uploads\/2025\/05\/Magne.jpg\" alt=\"\" class=\"wp-image-202 size-full\"\/><\/figure><div class=\"wp-block-media-text__content\">\n<p><strong>Resumen profesional:<\/strong><\/p>\n\n\n\n<ul class=\"wp-block-list\">\n<li>COSAySA &#8211; Aguas del Norte. Programador en Aguas del Norte.<\/li>\n\n\n\n<li>Profesor en Instituto Superior del Milagro.<\/li>\n\n\n\n<li>Desarrollador Web Front-End en la empresa NacionBot.<\/li>\n\n\n\n<li>Licenciatura en An\u00e1lisis de Sistemas, Universidad Nacional de Salta, Argentina<\/li>\n\n\n\n<li>T\u00e9cnico Universitario en Programaci\u00f3n, Universidad Nacional de Salta, Argentina<\/li>\n<\/ul>\n<\/div><\/div>\n","protected":false},"excerpt":{"rendered":"<p>Ph. D. Esteban Saavedra L\u00f3pez M. Sc. Miguel Antonio Sorich Rojas Oscar Gauss Carvajal Yucra Ph. D. Omar Amilkar Choque Gonzales M. Sc. Deysi Beatriz Arancibia M\u00e1rquez H\u00e9ctor Jaramillo Lozano M. Sc. Ronald Yeber Cruz Delgado Pablo Nicol\u00e1s Diaz Franco Nicol\u00e1s Alan\u00eds Magne<\/p>\n","protected":false},"author":2,"featured_media":0,"parent":0,"menu_order":0,"comment_status":"closed","ping_status":"closed","template":"","meta":{"footnotes":""},"class_list":["post-157","page","type-page","status-publish","hentry"],"_links":{"self":[{"href":"https:\/\/www.uajms.edu.bo\/ctics25\/index.php?rest_route=\/wp\/v2\/pages\/157","targetHints":{"allow":["GET"]}}],"collection":[{"href":"https:\/\/www.uajms.edu.bo\/ctics25\/index.php?rest_route=\/wp\/v2\/pages"}],"about":[{"href":"https:\/\/www.uajms.edu.bo\/ctics25\/index.php?rest_route=\/wp\/v2\/types\/page"}],"author":[{"embeddable":true,"href":"https:\/\/www.uajms.edu.bo\/ctics25\/index.php?rest_route=\/wp\/v2\/users\/2"}],"replies":[{"embeddable":true,"href":"https:\/\/www.uajms.edu.bo\/ctics25\/index.php?rest_route=%2Fwp%2Fv2%2Fcomments&post=157"}],"version-history":[{"count":9,"href":"https:\/\/www.uajms.edu.bo\/ctics25\/index.php?rest_route=\/wp\/v2\/pages\/157\/revisions"}],"predecessor-version":[{"id":214,"href":"https:\/\/www.uajms.edu.bo\/ctics25\/index.php?rest_route=\/wp\/v2\/pages\/157\/revisions\/214"}],"wp:attachment":[{"href":"https:\/\/www.uajms.edu.bo\/ctics25\/index.php?rest_route=%2Fwp%2Fv2%2Fmedia&parent=157"}],"curies":[{"name":"wp","href":"https:\/\/api.w.org\/{rel}","templated":true}]}}