{"id":144,"date":"2025-05-08T05:36:24","date_gmt":"2025-05-08T03:36:24","guid":{"rendered":"https:\/\/www.uajms.edu.bo\/ctics25\/?page_id=144"},"modified":"2025-05-19T22:59:36","modified_gmt":"2025-05-19T20:59:36","slug":"inscripcion","status":"publish","type":"page","link":"https:\/\/www.uajms.edu.bo\/ctics25\/?page_id=144","title":{"rendered":"Inscripci\u00f3n"},"content":{"rendered":"\n<p class=\"has-text-align-center has-kubio-color-6-color has-text-color has-link-color has-xx-large-font-size wp-elements-6ee447f5c66459997c2497dd54c5c1bc\">Inversi\u00f3n<\/p>\n\n\n\n<ul class=\"wp-block-list\">\n<li><strong>Estudiantes:<\/strong> 170 Bs.<\/li>\n\n\n\n<li><strong>Profesionales:<\/strong> 270 Bs.<\/li>\n<\/ul>\n\n\n\n<p class=\"has-text-align-center has-kubio-color-6-color has-text-color has-link-color has-xx-large-font-size wp-elements-b9a10fa14d3307dd23f5aa94860d5908\">Incluye<\/p>\n\n\n\n<ul class=\"wp-block-list\">\n<li><strong>4 Talleres:<\/strong> Certificaci\u00f3n de aprobaci\u00f3n de 30 horas acad\u00e9micas.<\/li>\n\n\n\n<li><strong>2 Tutoriales:<\/strong> Certificaci\u00f3n de participaci\u00f3n de 30 horas acad\u00e9micas.<\/li>\n\n\n\n<li><strong>5 Conferencias:<\/strong> Certificaci\u00f3n de participaci\u00f3n de 30 horas acad\u00e9micas.<\/li>\n\n\n\n<li>Material del congreso (folder y lapicera)<\/li>\n\n\n\n<li>Refrigerios<\/li>\n<\/ul>\n\n\n\n<p class=\"has-text-align-center has-kubio-color-6-color has-text-color has-link-color has-xx-large-font-size wp-elements-b226092915f9af2b28fe4c03e742cf23\">Datos para el Dep\u00f3sito<\/p>\n\n\n\n<ul class=\"wp-block-list\">\n<li><strong>BANCO UNI\u00d3N<\/strong><\/li>\n\n\n\n<li><strong>N\u00famero de cuenta:<\/strong> 1-2302466.<\/li>\n\n\n\n<li><strong>Titular de la cuenta:<\/strong> Freddy WIlder Aguilar Mallea.<\/li>\n<\/ul>\n\n\n\n<figure class=\"wp-block-image size-full\"><img loading=\"lazy\" decoding=\"async\" width=\"900\" height=\"900\" src=\"https:\/\/www.uajms.edu.bo\/ctics25\/wp-content\/uploads\/2025\/05\/qrctics.jpg\" alt=\"\" class=\"wp-image-205\"\/><\/figure>\n\n\n\n<p>Una vez realizado el dep\u00f3sito, env\u00edalo con tus datos personales al siguiente contacto o completa el formulario:<\/p>\n\n\n\n<div class=\"wp-block-buttons is-layout-flex wp-block-buttons-is-layout-flex\">\n<div class=\"wp-block-button\"><a class=\"wp-block-button__link wp-element-button\" href=\"https:\/\/wa.me\/+59171193140\">WhatsApp<\/a><\/div>\n\n\n\n<div class=\"wp-block-button\"><a class=\"wp-block-button__link wp-element-button\" href=\"https:\/\/docs.google.com\/forms\/d\/e\/1FAIpQLScDvuPNLpESVZCgnvFG5bbkDpI9CSLwHgvOy015XKvylkbeRA\/viewform?usp=sharing&amp;ouid=108117963736023642316\">Formulario<\/a><\/div>\n<\/div>\n\n\n\n<p><\/p>\n","protected":false},"excerpt":{"rendered":"<p>Inversi\u00f3n Incluye Datos para el Dep\u00f3sito Una vez realizado el dep\u00f3sito, env\u00edalo con tus datos personales al siguiente contacto o completa el formulario:<\/p>\n","protected":false},"author":2,"featured_media":0,"parent":0,"menu_order":0,"comment_status":"closed","ping_status":"closed","template":"","meta":{"footnotes":""},"class_list":["post-144","page","type-page","status-publish","hentry"],"_links":{"self":[{"href":"https:\/\/www.uajms.edu.bo\/ctics25\/index.php?rest_route=\/wp\/v2\/pages\/144","targetHints":{"allow":["GET"]}}],"collection":[{"href":"https:\/\/www.uajms.edu.bo\/ctics25\/index.php?rest_route=\/wp\/v2\/pages"}],"about":[{"href":"https:\/\/www.uajms.edu.bo\/ctics25\/index.php?rest_route=\/wp\/v2\/types\/page"}],"author":[{"embeddable":true,"href":"https:\/\/www.uajms.edu.bo\/ctics25\/index.php?rest_route=\/wp\/v2\/users\/2"}],"replies":[{"embeddable":true,"href":"https:\/\/www.uajms.edu.bo\/ctics25\/index.php?rest_route=%2Fwp%2Fv2%2Fcomments&post=144"}],"version-history":[{"count":5,"href":"https:\/\/www.uajms.edu.bo\/ctics25\/index.php?rest_route=\/wp\/v2\/pages\/144\/revisions"}],"predecessor-version":[{"id":219,"href":"https:\/\/www.uajms.edu.bo\/ctics25\/index.php?rest_route=\/wp\/v2\/pages\/144\/revisions\/219"}],"wp:attachment":[{"href":"https:\/\/www.uajms.edu.bo\/ctics25\/index.php?rest_route=%2Fwp%2Fv2%2Fmedia&parent=144"}],"curies":[{"name":"wp","href":"https:\/\/api.w.org\/{rel}","templated":true}]}}