{"id":141,"date":"2025-05-08T05:36:24","date_gmt":"2025-05-08T03:36:24","guid":{"rendered":"https:\/\/www.uajms.edu.bo\/ctics25\/?page_id=141"},"modified":"2025-05-13T06:27:11","modified_gmt":"2025-05-13T04:27:11","slug":"hoteles","status":"publish","type":"page","link":"https:\/\/www.uajms.edu.bo\/ctics25\/?page_id=141","title":{"rendered":"Hoteles"},"content":{"rendered":"\n<p class=\"has-text-align-center has-kubio-color-6-color has-text-color has-link-color has-xx-large-font-size wp-elements-a4ad0ed87bba911a9e2559b957063dd4\"><strong>Hotel Olimpos<\/strong><\/p>\n\n\n\n<p><strong>Direcci\u00f3n:<\/strong> Narciso Campero entre Luis de Fuentes y Real Madrid<\/p>\n\n\n\n<p><strong>Tel\u00e9fono:<\/strong> 67963778<\/p>\n\n\n\n<p><strong>Camas Disponibles: <\/strong>16&nbsp;&nbsp;&nbsp;&nbsp;&nbsp;&nbsp;&nbsp;&nbsp;&nbsp;&nbsp;&nbsp;&nbsp;&nbsp;&nbsp;&nbsp;&nbsp;&nbsp;&nbsp;&nbsp; <\/p>\n\n\n\n<p>Reservas 3 d\u00edas de anticipaci\u00f3n<\/p>\n\n\n\n<p>Habitaci\u00f3n con 5 camas 550 Bs<\/p>\n\n\n\n<p>Habitaci\u00f3n con 4 camas 470 Bs<\/p>\n\n\n\n<p>Habitaci\u00f3n con 3 camas 380 Bs<\/p>\n\n\n\n<p>Habitaci\u00f3n Simple 170 Bs<\/p>\n\n\n\n<p>Todas son con Ba\u00f1o Privado, Aire Acondicionado, Wifi, Incluye Desayuno y Garaje<\/p>\n\n\n\n<div class=\"wp-block-buttons is-layout-flex wp-block-buttons-is-layout-flex\">\n<div class=\"wp-block-button\"><a class=\"wp-block-button__link wp-element-button\" href=\"https:\/\/wa.me\/+59167963778\">WhatsApp<\/a><\/div>\n\n\n\n<div class=\"wp-block-button\"><a class=\"wp-block-button__link wp-element-button\" href=\"https:\/\/maps.app.goo.gl\/tQ4K2PhYwQWcPCo8A\">Mapa<\/a><\/div>\n<\/div>\n\n\n\n<p class=\"has-text-align-center has-kubio-color-6-color has-text-color has-link-color has-xx-large-font-size wp-elements-7e3fe4f83126da5501d64366a7b7cbb7\"><strong>Hotel La Frontera<\/strong><\/p>\n\n\n\n<p><strong>Direcci\u00f3n:<\/strong> Av. Luis de Fuentes al lado del Edificio Judicial<\/p>\n\n\n\n<p><strong>Tel\u00e9fono:<\/strong> 77878591, 67990514<\/p>\n\n\n\n<p><strong>Camas Disponibles: <\/strong>60\u00a0\u00a0\u00a0\u00a0\u00a0\u00a0\u00a0\u00a0\u00a0\u00a0\u00a0\u00a0\u00a0\u00a0\u00a0\u00a0\u00a0\u00a0<\/p>\n\n\n\n<p>Reservas 10 d\u00edas de anticipaci\u00f3n<\/p>\n\n\n\n<p>Precio por cama 60Bs. Ba\u00f1o Compartido Incluye Wifi, Tv Cable, Ventilador de techo, Agua Caliente<\/p>\n\n\n\n<div class=\"wp-block-buttons is-layout-flex wp-block-buttons-is-layout-flex\">\n<div class=\"wp-block-button\"><a class=\"wp-block-button__link wp-element-button\" href=\"https:\/\/wa.me\/+59177878591\">WhatsApp<\/a><\/div>\n\n\n\n<div class=\"wp-block-button\"><a class=\"wp-block-button__link wp-element-button\" href=\"https:\/\/maps.app.goo.gl\/RySCTKneNckMd6Vq5\">Mapa<\/a><\/div>\n<\/div>\n\n\n\n<p class=\"has-text-align-center has-kubio-color-6-color has-text-color has-link-color has-xx-large-font-size wp-elements-6d5ee61aeae8ff938a39a652102f9b73\"><strong>Alojamiento 2 de Agosto<\/strong><\/p>\n\n\n\n<p><strong>Direcci\u00f3n:<\/strong> Av. V\u00edctor Paz 1035 (Camino al Ingenio)<\/p>\n\n\n\n<p><strong>Tel\u00e9fono:<\/strong> 72184055<\/p>\n\n\n\n<p><strong>Camas Disponibles: <\/strong>30\u00a0\u00a0\u00a0\u00a0\u00a0\u00a0\u00a0\u00a0\u00a0\u00a0\u00a0\u00a0\u00a0\u00a0\u00a0\u00a0\u00a0\u00a0<\/p>\n\n\n\n<p>Reservas 3 d\u00edas de anticipaci\u00f3n<\/p>\n\n\n\n<p>Precio por cama 50 bs. Ba\u00f1o Privado y Ba\u00f1o Compartido Incluye Tv Cable, Wifi Ventiladores<\/p>\n\n\n\n<div class=\"wp-block-buttons is-layout-flex wp-block-buttons-is-layout-flex\">\n<div class=\"wp-block-button\"><a class=\"wp-block-button__link wp-element-button\" href=\"https:\/\/wa.me\/+59172184055\">WhatsApp<\/a><\/div>\n\n\n\n<div class=\"wp-block-button\"><a class=\"wp-block-button__link wp-element-button\" href=\"https:\/\/maps.app.goo.gl\/m7VFEoGuXuUZdUEi8\">Mapa<\/a><\/div>\n<\/div>\n\n\n\n<p class=\"has-text-align-center has-kubio-color-6-color has-text-color has-link-color has-xx-large-font-size wp-elements-f8301759bf39a1e55c15e00f409cf6a3\"><strong>Residencial Las Malvinas<\/strong><\/p>\n\n\n\n<p><strong>Direcci\u00f3n:<\/strong> Calle Cochabamba entre Abaroa y Real Madrid<\/p>\n\n\n\n<p><strong>Tel\u00e9fono:<\/strong> 71872165<\/p>\n\n\n\n<p><strong>Camas Disponibles: <\/strong>48\u00a0\u00a0\u00a0\u00a0\u00a0\u00a0\u00a0\u00a0\u00a0\u00a0\u00a0\u00a0\u00a0\u00a0\u00a0\u00a0\u00a0\u00a0<\/p>\n\n\n\n<p>Reservas 3 d\u00edas de anticipaci\u00f3n<\/p>\n\n\n\n<p>Precio por cama 50Bs. (No publicar el precio)&nbsp;&nbsp;&nbsp;&nbsp; Ba\u00f1o compartido Incluye Wifi, Agua caliente<\/p>\n\n\n\n<div class=\"wp-block-buttons is-layout-flex wp-block-buttons-is-layout-flex\">\n<div class=\"wp-block-button\"><a class=\"wp-block-button__link wp-element-button\" href=\"https:\/\/wa.me\/+59171872165\">WhatsApp<\/a><\/div>\n\n\n\n<div class=\"wp-block-button\"><a class=\"wp-block-button__link wp-element-button\" href=\"https:\/\/maps.app.goo.gl\/hq9euEf8bNkqoZm77\">Mapa<\/a><\/div>\n<\/div>\n\n\n\n<p class=\"has-text-align-center has-kubio-color-6-color has-text-color has-link-color has-xx-large-font-size wp-elements-1f28168c15d448e1985ebeb44cd37453\"><strong>Hotel Thifanny<\/strong><\/p>\n\n\n\n<p><strong>Direcci\u00f3n:<\/strong> Av. V\u00edctor Paz (Camino al Ingenio)<\/p>\n\n\n\n<p><strong>Tel\u00e9fono:<\/strong> 68721060<\/p>\n\n\n\n<p><strong>Camas Disponibles: <\/strong>10\u00a0\u00a0\u00a0\u00a0\u00a0\u00a0\u00a0\u00a0\u00a0\u00a0\u00a0\u00a0\u00a0\u00a0\u00a0\u00a0\u00a0\u00a0<\/p>\n\n\n\n<p>Reservas 5 d\u00edas de anticipaci\u00f3n<\/p>\n\n\n\n<p>Habitaci\u00f3n con ba\u00f1o compartido 120 Bs<\/p>\n\n\n\n<p>Habitaci\u00f3n con Ba\u00f1o Privado 170 Bs Incluye Tv Cable, Wifi<\/p>\n\n\n\n<div class=\"wp-block-buttons is-layout-flex wp-block-buttons-is-layout-flex\">\n<div class=\"wp-block-button\"><a class=\"wp-block-button__link wp-element-button\" href=\"https:\/\/wa.me\/+59168721060\">WhatsApp<\/a><\/div>\n\n\n\n<div class=\"wp-block-button\"><a class=\"wp-block-button__link wp-element-button\" href=\"https:\/\/maps.app.goo.gl\/TnMhGUj5geL8L3W17\">Mapa<\/a><\/div>\n<\/div>\n\n\n\n<p class=\"has-text-align-center has-kubio-color-6-color has-text-color has-link-color has-xx-large-font-size wp-elements-9846ff948660b3e777c48ad1eec6574a\"><strong>Hotel Paris<\/strong><\/p>\n\n\n\n<p><strong>Direcci\u00f3n:<\/strong> Calle Tarija esq. La Paz<\/p>\n\n\n\n<p><strong>Tel\u00e9fono:<\/strong> 76199234<\/p>\n\n\n\n<p><strong>Camas Disponibles: <\/strong>15\u00a0\u00a0\u00a0\u00a0\u00a0\u00a0\u00a0\u00a0\u00a0\u00a0\u00a0\u00a0\u00a0\u00a0\u00a0\u00a0\u00a0\u00a0<\/p>\n\n\n\n<p>Reservas 4 d\u00edas de anticipaci\u00f3n<\/p>\n\n\n\n<p>Habitacion con 2 camas 250 Bs&nbsp;&nbsp;&nbsp;&nbsp;&nbsp;&nbsp;&nbsp;&nbsp;&nbsp;&nbsp;&nbsp;&nbsp;&nbsp;&nbsp;&nbsp;&nbsp; Ba\u00f1o Privado<\/p>\n\n\n\n<p>Habitaci\u00f3n con 3 camas 350 Bs&nbsp;&nbsp;&nbsp;&nbsp;&nbsp;&nbsp;&nbsp;&nbsp;&nbsp;&nbsp;&nbsp;&nbsp;&nbsp;&nbsp;&nbsp;&nbsp; Ba\u00f1o Privado<\/p>\n\n\n\n<p>Incluye Tv cable, Wifi, agua caliente<\/p>\n\n\n\n<div class=\"wp-block-buttons is-layout-flex wp-block-buttons-is-layout-flex\">\n<div class=\"wp-block-button\"><a class=\"wp-block-button__link wp-element-button\" href=\"https:\/\/wa.me\/+59176199234\">WhatsApp<\/a><\/div>\n\n\n\n<div class=\"wp-block-button\"><a class=\"wp-block-button__link wp-element-button\" href=\"https:\/\/maps.app.goo.gl\/Vdi1f6Yn9NsqzYfv8\">Mapa<\/a><\/div>\n<\/div>\n\n\n\n<p class=\"has-text-align-center has-kubio-color-6-color has-text-color has-link-color has-xx-large-font-size wp-elements-b8fe76300296a28221aba541fd636b3c\"><strong>Alojamiento Beni<\/strong><\/p>\n\n\n\n<p><strong>Direcci\u00f3n:<\/strong> Calle Beni entre German Busch y Gualberto Villarroel<\/p>\n\n\n\n<p><strong>Tel\u00e9fono:<\/strong> 71879934<\/p>\n\n\n\n<p><strong>Camas Disponibles: <\/strong>40\u00a0\u00a0\u00a0\u00a0\u00a0\u00a0\u00a0\u00a0\u00a0\u00a0\u00a0<\/p>\n\n\n\n<p>Reservas 4 d\u00edas de anticipaci\u00f3n<\/p>\n\n\n\n<p>Precio por Delegaci\u00f3n 40 bs<\/p>\n\n\n\n<p>Precio por habitaci\u00f3n individual 90 bs<\/p>\n\n\n\n<p>ba\u00f1o Privado y ba\u00f1o compartido Incluye Wifi, Tv Cable<\/p>\n\n\n\n<div class=\"wp-block-buttons is-layout-flex wp-block-buttons-is-layout-flex\">\n<div class=\"wp-block-button\"><a class=\"wp-block-button__link wp-element-button\" href=\"https:\/\/wa.me\/+59171879934\">WhatsApp<\/a><\/div>\n\n\n\n<div class=\"wp-block-button\"><a class=\"wp-block-button__link wp-element-button\" href=\"https:\/\/maps.app.goo.gl\/8s15GrmkgZ8oZuqdA\">Mapa<\/a><\/div>\n<\/div>\n\n\n\n<p class=\"has-text-align-center has-kubio-color-6-color has-text-color has-link-color has-xx-large-font-size wp-elements-d652402c17a45ec29904d0f67c562a11\"><strong>Hotel Querubines<\/strong><\/p>\n\n\n\n<p><strong>Direcci\u00f3n:<\/strong> Calle Tarija esq. La Paz<\/p>\n\n\n\n<p><strong>Tel\u00e9fono:<\/strong> 76806634\u00a0\u00a0\u00a0\u00a0\u00a0\u00a0\u00a0\u00a0\u00a0\u00a0\u00a0\u00a0<\/p>\n\n\n\n<p><strong>Camas Disponibles: <\/strong>80\u00a0\u00a0\u00a0\u00a0\u00a0\u00a0\u00a0\u00a0\u00a0\u00a0\u00a0<\/p>\n\n\n\n<p>Reservas 7 d\u00edas de anticipaci\u00f3n<\/p>\n\n\n\n<p>Habitaci\u00f3n Matrimonial\u00a0\u00a0\u00a0\u00a0\u00a0\u00a0\u00a0200 Bs\u00a0\u00a0\u00a0\u00a0\u00a0 Ba\u00f1o Privado<\/p>\n\n\n\n<p>Habitaci\u00f3n con 2 camas \u00a0\u00a0\u00a0\u00a0200 Bs\u00a0\u00a0\u00a0\u00a0\u00a0 Ba\u00f1o Privado<\/p>\n\n\n\n<p>Habitaci\u00f3n con 3 camas \u00a0\u00a0\u00a0\u00a0300 Bs\u00a0\u00a0\u00a0\u00a0\u00a0 Ba\u00f1o Privado<\/p>\n\n\n\n<p>Incluye Tv Cable, Wifi, agua caliente, aire acondicionado, parqueo<\/p>\n\n\n\n<div class=\"wp-block-buttons is-layout-flex wp-block-buttons-is-layout-flex\">\n<div class=\"wp-block-button\"><a class=\"wp-block-button__link wp-element-button\" href=\"https:\/\/wa.me\/+59176806634\">WhatsApp<\/a><\/div>\n\n\n\n<div class=\"wp-block-button\"><a class=\"wp-block-button__link wp-element-button\" href=\"https:\/\/maps.app.goo.gl\/1tNRoSDKgZ3nNj5W8\">Mapa<\/a><\/div>\n<\/div>\n","protected":false},"excerpt":{"rendered":"<p>Hotel Olimpos Direcci\u00f3n: Narciso Campero entre Luis de Fuentes y Real Madrid Tel\u00e9fono: 67963778 Camas Disponibles: 16&nbsp;&nbsp;&nbsp;&nbsp;&nbsp;&nbsp;&nbsp;&nbsp;&nbsp;&nbsp;&nbsp;&nbsp;&nbsp;&nbsp;&nbsp;&nbsp;&nbsp;&nbsp;&nbsp; Reservas 3 d\u00edas de anticipaci\u00f3n Habitaci\u00f3n con 5 camas 550 Bs Habitaci\u00f3n con 4 camas 470 Bs Habitaci\u00f3n con 3 camas 380 Bs Habitaci\u00f3n Simple 170 Bs Todas son con Ba\u00f1o Privado, Aire Acondicionado, Wifi, Incluye Desayuno y [&hellip;]<\/p>\n","protected":false},"author":2,"featured_media":0,"parent":0,"menu_order":0,"comment_status":"closed","ping_status":"closed","template":"","meta":{"footnotes":""},"class_list":["post-141","page","type-page","status-publish","hentry"],"_links":{"self":[{"href":"https:\/\/www.uajms.edu.bo\/ctics25\/index.php?rest_route=\/wp\/v2\/pages\/141","targetHints":{"allow":["GET"]}}],"collection":[{"href":"https:\/\/www.uajms.edu.bo\/ctics25\/index.php?rest_route=\/wp\/v2\/pages"}],"about":[{"href":"https:\/\/www.uajms.edu.bo\/ctics25\/index.php?rest_route=\/wp\/v2\/types\/page"}],"author":[{"embeddable":true,"href":"https:\/\/www.uajms.edu.bo\/ctics25\/index.php?rest_route=\/wp\/v2\/users\/2"}],"replies":[{"embeddable":true,"href":"https:\/\/www.uajms.edu.bo\/ctics25\/index.php?rest_route=%2Fwp%2Fv2%2Fcomments&post=141"}],"version-history":[{"count":9,"href":"https:\/\/www.uajms.edu.bo\/ctics25\/index.php?rest_route=\/wp\/v2\/pages\/141\/revisions"}],"predecessor-version":[{"id":182,"href":"https:\/\/www.uajms.edu.bo\/ctics25\/index.php?rest_route=\/wp\/v2\/pages\/141\/revisions\/182"}],"wp:attachment":[{"href":"https:\/\/www.uajms.edu.bo\/ctics25\/index.php?rest_route=%2Fwp%2Fv2%2Fmedia&parent=141"}],"curies":[{"name":"wp","href":"https:\/\/api.w.org\/{rel}","templated":true}]}}