

{"id":1122,"date":"2025-02-04T22:21:30","date_gmt":"2025-02-04T22:21:30","guid":{"rendered":"https:\/\/www.uajms.edu.bo\/celac-phi\/?page_id=1122"},"modified":"2025-07-14T20:01:18","modified_gmt":"2025-07-14T20:01:18","slug":"fechas-importantes","status":"publish","type":"page","link":"https:\/\/www.uajms.edu.bo\/celac-phi\/fechas-importantes\/","title":{"rendered":"Fechas Importantes"},"content":{"rendered":"\n<figure class=\"wp-block-table\"><table class=\"has-fixed-layout\"><tbody><tr><td class=\"has-text-align-center\" data-align=\"center\" style=\"background-color: #003366; color: white;\"><strong>FECHA<\/strong><\/td><td class=\"has-text-align-center\" data-align=\"center\" style=\"background-color: #003366; color: white;\"><strong>ACTIVIDAD<\/strong><\/td><\/tr><tr><td class=\"has-text-align-center\" data-align=\"center\">28 &#8211; febrero &#8211; 2025<\/td><td class=\"has-text-align-center\" data-align=\"center\">Convocatoria para la presentaci\u00f3n de res\u00famenes<\/td><\/tr><tr><td class=\"has-text-align-center\" data-align=\"center\">15 &#8211; agosto &#8211; 2025<\/td><td class=\"has-text-align-center\" data-align=\"center\">Fecha l\u00edmite para la presentaci\u00f3n de res\u00famenes<\/td><\/tr><tr><td class=\"has-text-align-center\" data-align=\"center\">22 &#8211; agosto &#8211; 2025<\/td><td class=\"has-text-align-center\" data-align=\"center\">Notificaci\u00f3n de aceptaci\u00f3n<\/td><\/tr><tr><td class=\"has-text-align-center\" data-align=\"center\">31 &#8211; agosto &#8211; 2025<\/td><td class=\"has-text-align-center\" data-align=\"center\">Fecha l\u00edmite para el env\u00edo del art\u00edculo extendido<\/td><\/tr><tr><td class=\"has-text-align-center\" data-align=\"center\">31 &#8211; agosto &#8211; 2025<\/td><td class=\"has-text-align-center\" data-align=\"center\">Fin del primer periodo de inscripci\u00f3n con descuentos<\/td><\/tr><tr><td class=\"has-text-align-center\" data-align=\"center\">Del 01 al 15 &#8211; septiembre &#8211; 2025<\/td><td class=\"has-text-align-center\" data-align=\"center\">\u00daltimo periodo de inscripci\u00f3n<\/td><\/tr><tr><td class=\"has-text-align-center\" data-align=\"center\">15 &#8211; septiembre &#8211; 2025<\/td><td class=\"has-text-align-center\" data-align=\"center\">Ma\u00f1ana: 1er curso precongreso<br>Tarde: 2do curso precongreso<\/td><\/tr><tr><td class=\"has-text-align-center\" data-align=\"center\">16 al 18 &#8211; septiembre &#8211; 2025<\/td><td class=\"has-text-align-center\" data-align=\"center\">III Congreso de ecohidrolog\u00eda para Am\u00e9rica Latina y el Caribe<\/td><\/tr><\/tbody><\/table><\/figure>\n","protected":false},"excerpt":{"rendered":"<p>FECHA ACTIVIDAD 28 &#8211; febrero &#8211; 2025 Convocatoria para la presentaci\u00f3n de res\u00famenes 15 &#8211; agosto &#8211; 2025 Fecha l\u00edmite para la presentaci\u00f3n de res\u00famenes 22 &#8211; agosto &#8211; 2025 [&hellip;]<\/p>\n","protected":false},"author":121,"featured_media":0,"parent":0,"menu_order":0,"comment_status":"closed","ping_status":"closed","template":"","meta":{"_joinchat":[],"footnotes":""},"class_list":["post-1122","page","type-page","status-publish","hentry"],"publishpress_future_action":{"enabled":false,"date":"2026-05-12 13:38:26","action":"change-status","newStatus":"draft","terms":[],"taxonomy":"","extraData":[]},"publishpress_future_workflow_manual_trigger":{"enabledWorkflows":[]},"_links":{"self":[{"href":"https:\/\/www.uajms.edu.bo\/celac-phi\/wp-json\/wp\/v2\/pages\/1122","targetHints":{"allow":["GET"]}}],"collection":[{"href":"https:\/\/www.uajms.edu.bo\/celac-phi\/wp-json\/wp\/v2\/pages"}],"about":[{"href":"https:\/\/www.uajms.edu.bo\/celac-phi\/wp-json\/wp\/v2\/types\/page"}],"author":[{"embeddable":true,"href":"https:\/\/www.uajms.edu.bo\/celac-phi\/wp-json\/wp\/v2\/users\/121"}],"replies":[{"embeddable":true,"href":"https:\/\/www.uajms.edu.bo\/celac-phi\/wp-json\/wp\/v2\/comments?post=1122"}],"version-history":[{"count":4,"href":"https:\/\/www.uajms.edu.bo\/celac-phi\/wp-json\/wp\/v2\/pages\/1122\/revisions"}],"predecessor-version":[{"id":1740,"href":"https:\/\/www.uajms.edu.bo\/celac-phi\/wp-json\/wp\/v2\/pages\/1122\/revisions\/1740"}],"wp:attachment":[{"href":"https:\/\/www.uajms.edu.bo\/celac-phi\/wp-json\/wp\/v2\/media?parent=1122"}],"curies":[{"name":"wp","href":"https:\/\/api.w.org\/{rel}","templated":true}]}}